{"id":3977,"date":"2016-05-17T14:43:44","date_gmt":"2016-05-17T14:43:44","guid":{"rendered":"http:\/\/www.travelfusioncolombia.com\/web\/?page_id=3977"},"modified":"2016-05-17T14:43:44","modified_gmt":"2016-05-17T14:43:44","slug":"parque-tayrona","status":"publish","type":"page","link":"https:\/\/www.travelfusioncolombia.com\/web\/parque-tayrona\/","title":{"rendered":"PARQUE \u00a0TAYRONA"},"content":{"rendered":"<h2><u><\/u><a href=\"https:\/\/www.travelfusioncolombia.com\/web\/wp-content\/uploads\/2016\/05\/WEB-CARTAGENA-MAGICA-Modo-de-compatibilidad-Microsoft-Word2.jpg\"><img loading=\"lazy\" decoding=\"async\" class=\"alignnone size-full wp-image-3937\" src=\"https:\/\/www.travelfusioncolombia.com\/web\/wp-content\/uploads\/2016\/05\/WEB-CARTAGENA-MAGICA-Modo-de-compatibilidad-Microsoft-Word2.jpg\" alt=\"WEB- CARTAGENA MAGICA [Modo de compatibilidad] - Microsoft Word\" width=\"738\" height=\"377\" srcset=\"https:\/\/www.travelfusioncolombia.com\/web\/wp-content\/uploads\/2016\/05\/WEB-CARTAGENA-MAGICA-Modo-de-compatibilidad-Microsoft-Word2.jpg 738w, https:\/\/www.travelfusioncolombia.com\/web\/wp-content\/uploads\/2016\/05\/WEB-CARTAGENA-MAGICA-Modo-de-compatibilidad-Microsoft-Word2-300x153.jpg 300w, https:\/\/www.travelfusioncolombia.com\/web\/wp-content\/uploads\/2016\/05\/WEB-CARTAGENA-MAGICA-Modo-de-compatibilidad-Microsoft-Word2-260x133.jpg 260w, https:\/\/www.travelfusioncolombia.com\/web\/wp-content\/uploads\/2016\/05\/WEB-CARTAGENA-MAGICA-Modo-de-compatibilidad-Microsoft-Word2-50x26.jpg 50w, https:\/\/www.travelfusioncolombia.com\/web\/wp-content\/uploads\/2016\/05\/WEB-CARTAGENA-MAGICA-Modo-de-compatibilidad-Microsoft-Word2-576x294.jpg 576w, https:\/\/www.travelfusioncolombia.com\/web\/wp-content\/uploads\/2016\/05\/WEB-CARTAGENA-MAGICA-Modo-de-compatibilidad-Microsoft-Word2-147x75.jpg 147w\" sizes=\"(max-width: 738px) 100vw, 738px\" \/><\/a><\/h2>\n<p style=\"text-align: justify;\">Extensi\u00f3n de 15.000 hect\u00e1reas en el Parque Tayrona, es una de las reservas naturales m\u00e1s importantes de Colombia, un para\u00edso terrenal con playas de cristalinas aguas y espectaculares formaciones coralinas.<\/p>\n<p style=\"text-align: justify;\">En el sector de Ca\u00f1averal se realiza una caminata ecol\u00f3gica por senderos de bosque Tropical H\u00famedo hasta el sector de arrecifes, en donde sus aguas de oleaje fuerte lo hacen un sitio ideal para los amantes de los paisajes exuberantes, de all\u00ed a la piscina natural una hermosa formaci\u00f3n rocosa que recepta el oleaje fuerte del sector y lo hacen un lugar ideal para disfrutar del ba\u00f1o.<\/p>\n<p style=\"text-align: justify;\">El pueblo Tayrona, una de las culturas precolombinas m\u00e1s adelantadas, habit\u00f3 durante centenares de a\u00f1os el macizo de la Sierra Nevada. La comunidad desapareci\u00f3 sin dejar datos sobre sus avanzados conocimientos y su compleja organizaci\u00f3n social. Para la posteridad quedaron, sin embargo, sus caminos empedrados y terrazas enlosadas, que constituyen unas de las reliquias arqueol\u00f3gicas m\u00e1s importantes de Colombia.<br \/>\nActualmente esta zona es llamada \u201cPueblito\u201d, es una de las ciudades Tayrona m\u00e1s importantes y la \u00fanica de f\u00e1cil acceso para el turista. All\u00ed pueden apreciarse puentes, canales, escaleras, terrazas de cultivo y cer\u00e1micas que reflejan el grado de desarrollo alcanzado por la cultura Tayrona. Perteneciente al Parque Tayrona, es una de las reservas arqueol\u00f3gicas m\u00e1s importantes encontradas de esta cultura en las<br \/>\ninmediaciones de la sierra.<\/p>\n<p><strong>PROGRAMA DE ALOJAMIENTO (1 NOCHE 2 DIAS)<\/strong><\/p>\n<p><strong>\u00a0<\/strong><\/p>\n<ul>\n<li><em>Transporte\u00a0\u00a0de\u00a0\u00a0CARTAGENA-TAYRONA- CARTAGENA\u00a0\u00a0\u00a0transporte\u00a0\u00a0puerta ruta\u00a0\u00a0 con aire acondicionado.<\/em><\/li>\n<li><em>Alojamiento 1 Noche\u00a0 2 Dias\u00a0\u00a0desayunos y cenas.<\/em><em><br \/>\nHabitaci\u00f3n equipada con ba\u00f1o privado, ventilador\u00a0\u00a0camada doble.<\/em><\/li>\n<li><em>Entradas al parque Tayrona (1 d\u00eda)<\/em><\/li>\n<li><em>Asistencia personalizada por parte de la agencia<\/em><\/li>\n<li><em>Hora de salida Cartagena: 05:00 am<\/em><\/li>\n<\/ul>\n<p><em>Duraci\u00f3n del trayecto 4 horas y 30 minutos de ida y de regreso<\/em>.<\/p>\n","protected":false},"excerpt":{"rendered":"<p>Extensi\u00f3n de 15.000 hect\u00e1reas en el Parque Tayrona, es una de las reservas naturales m\u00e1s importantes de Colombia, un para\u00edso terrenal con playas de cristalinas aguas<span class=\"excerpt-hellip\"> [\u2026]<\/span><\/p>\n","protected":false},"author":1,"featured_media":0,"parent":0,"menu_order":0,"comment_status":"closed","ping_status":"closed","template":"","meta":{"footnotes":""},"_links":{"self":[{"href":"https:\/\/www.travelfusioncolombia.com\/web\/wp-json\/wp\/v2\/pages\/3977"}],"collection":[{"href":"https:\/\/www.travelfusioncolombia.com\/web\/wp-json\/wp\/v2\/pages"}],"about":[{"href":"https:\/\/www.travelfusioncolombia.com\/web\/wp-json\/wp\/v2\/types\/page"}],"author":[{"embeddable":true,"href":"https:\/\/www.travelfusioncolombia.com\/web\/wp-json\/wp\/v2\/users\/1"}],"replies":[{"embeddable":true,"href":"https:\/\/www.travelfusioncolombia.com\/web\/wp-json\/wp\/v2\/comments?post=3977"}],"version-history":[{"count":1,"href":"https:\/\/www.travelfusioncolombia.com\/web\/wp-json\/wp\/v2\/pages\/3977\/revisions"}],"predecessor-version":[{"id":3978,"href":"https:\/\/www.travelfusioncolombia.com\/web\/wp-json\/wp\/v2\/pages\/3977\/revisions\/3978"}],"wp:attachment":[{"href":"https:\/\/www.travelfusioncolombia.com\/web\/wp-json\/wp\/v2\/media?parent=3977"}],"curies":[{"name":"wp","href":"https:\/\/api.w.org\/{rel}","templated":true}]}}