{"id":3975,"date":"2016-05-17T14:43:05","date_gmt":"2016-05-17T14:43:05","guid":{"rendered":"http:\/\/www.travelfusioncolombia.com\/web\/?page_id=3975"},"modified":"2016-05-17T14:43:05","modified_gmt":"2016-05-17T14:43:05","slug":"full-day-san-jacinto-la-tierra-de-la-hamaca-grande","status":"publish","type":"page","link":"https:\/\/www.travelfusioncolombia.com\/web\/full-day-san-jacinto-la-tierra-de-la-hamaca-grande\/","title":{"rendered":"Full Day San Jacinto La Tierra De La Hamaca Grande"},"content":{"rendered":"<h2><a href=\"https:\/\/www.travelfusioncolombia.com\/web\/wp-content\/uploads\/2016\/05\/WEB-CARTAGENA-MAGICA-Modo-de-compatibilidad-Microsoft-Word_31.jpg\"><img loading=\"lazy\" decoding=\"async\" class=\"alignnone size-full wp-image-3935\" src=\"https:\/\/www.travelfusioncolombia.com\/web\/wp-content\/uploads\/2016\/05\/WEB-CARTAGENA-MAGICA-Modo-de-compatibilidad-Microsoft-Word_31.jpg\" alt=\"WEB- CARTAGENA MAGICA [Modo de compatibilidad] - Microsoft Word_3\" width=\"676\" height=\"153\" srcset=\"https:\/\/www.travelfusioncolombia.com\/web\/wp-content\/uploads\/2016\/05\/WEB-CARTAGENA-MAGICA-Modo-de-compatibilidad-Microsoft-Word_31.jpg 676w, https:\/\/www.travelfusioncolombia.com\/web\/wp-content\/uploads\/2016\/05\/WEB-CARTAGENA-MAGICA-Modo-de-compatibilidad-Microsoft-Word_31-300x68.jpg 300w, https:\/\/www.travelfusioncolombia.com\/web\/wp-content\/uploads\/2016\/05\/WEB-CARTAGENA-MAGICA-Modo-de-compatibilidad-Microsoft-Word_31-260x59.jpg 260w, https:\/\/www.travelfusioncolombia.com\/web\/wp-content\/uploads\/2016\/05\/WEB-CARTAGENA-MAGICA-Modo-de-compatibilidad-Microsoft-Word_31-50x11.jpg 50w, https:\/\/www.travelfusioncolombia.com\/web\/wp-content\/uploads\/2016\/05\/WEB-CARTAGENA-MAGICA-Modo-de-compatibilidad-Microsoft-Word_31-576x130.jpg 576w, https:\/\/www.travelfusioncolombia.com\/web\/wp-content\/uploads\/2016\/05\/WEB-CARTAGENA-MAGICA-Modo-de-compatibilidad-Microsoft-Word_31-150x34.jpg 150w\" sizes=\"(max-width: 676px) 100vw, 676px\" \/><\/a><\/h2>\n<p style=\"text-align: justify;\">Recorrido por La tierra de la Hamaca Grande,\u00a0 en el que\u00a0 podr\u00e1 observar donde comienza y donde termina el pueblo, en una calle repleta de hamacas, peyones, mochilas y fajones verdes, amarillos, azules y de cualquier color; todo ellos colgando en las calles como una exhibici\u00f3n art\u00edsticas de gran colorido y hermosas im\u00e1genes. Usted en su viaje siempre sabr\u00e1 cuando llega a una tienda de hamacas, pues es bien recibido por una multitud llena de colorido. Luego de esta hermosa Bienvenida, realizamos una caminata por la Plaza, Iglesia y\u00a0 sitios en donde se da lugar a uno de los festivales m\u00e1s importantes del Pa\u00eds FESTIVAL AUTOCTONO DE GAITAS, posteriormente conoceremos el MUSEO DE SAN JACINTO en donde se encuentran vestigios de los Ind\u00edgenas que habitaron\u00a0 nuestra regi\u00f3n, adem\u00e1s se encuentra una de las piezas arqueol\u00f3gicas m\u00e1s antiguas de Am\u00e9rica, por ultimo\u00a0 disfrutaremos de un delicioso Almuerzo t\u00edpico, amenizado por Grupo De Gaita, para finalizar este recorrido dispondremos de un tiempo para hacer compras en la exposici\u00f3n de las muestras artesanales realizadas en la regi\u00f3n.<\/p>\n<p style=\"text-align: justify;\"><strong>Incluye:<\/strong> Transporte en veh\u00edculos full equipo ida y regreso, entrada a Museo de San Jacinto, Compras Artesanales,\u00a0 Almuerzo t\u00edpico, Gu\u00eda acompa\u00f1ante permanente.<\/p>\n","protected":false},"excerpt":{"rendered":"<p>Recorrido por La tierra de la Hamaca Grande,\u00a0 en el que\u00a0 podr\u00e1 observar donde comienza y donde termina el pueblo, en una calle repleta de hamacas,<span class=\"excerpt-hellip\"> [\u2026]<\/span><\/p>\n","protected":false},"author":1,"featured_media":0,"parent":0,"menu_order":0,"comment_status":"closed","ping_status":"closed","template":"","meta":{"footnotes":""},"_links":{"self":[{"href":"https:\/\/www.travelfusioncolombia.com\/web\/wp-json\/wp\/v2\/pages\/3975"}],"collection":[{"href":"https:\/\/www.travelfusioncolombia.com\/web\/wp-json\/wp\/v2\/pages"}],"about":[{"href":"https:\/\/www.travelfusioncolombia.com\/web\/wp-json\/wp\/v2\/types\/page"}],"author":[{"embeddable":true,"href":"https:\/\/www.travelfusioncolombia.com\/web\/wp-json\/wp\/v2\/users\/1"}],"replies":[{"embeddable":true,"href":"https:\/\/www.travelfusioncolombia.com\/web\/wp-json\/wp\/v2\/comments?post=3975"}],"version-history":[{"count":1,"href":"https:\/\/www.travelfusioncolombia.com\/web\/wp-json\/wp\/v2\/pages\/3975\/revisions"}],"predecessor-version":[{"id":3976,"href":"https:\/\/www.travelfusioncolombia.com\/web\/wp-json\/wp\/v2\/pages\/3975\/revisions\/3976"}],"wp:attachment":[{"href":"https:\/\/www.travelfusioncolombia.com\/web\/wp-json\/wp\/v2\/media?parent=3975"}],"curies":[{"name":"wp","href":"https:\/\/api.w.org\/{rel}","templated":true}]}}