{"id":3973,"date":"2016-05-17T14:41:52","date_gmt":"2016-05-17T14:41:52","guid":{"rendered":"http:\/\/www.travelfusioncolombia.com\/web\/?page_id=3973"},"modified":"2016-05-17T14:41:52","modified_gmt":"2016-05-17T14:41:52","slug":"tour-a-palenque","status":"publish","type":"page","link":"https:\/\/www.travelfusioncolombia.com\/web\/tour-a-palenque\/","title":{"rendered":"Tour\u00a0 A Palenque"},"content":{"rendered":"<h2><u><\/u><a href=\"https:\/\/www.travelfusioncolombia.com\/web\/wp-content\/uploads\/2016\/05\/WEB-CARTAGENA-MAGICA-Modo-de-compatibilidad-Microsoft-Word_21.jpg\"><img loading=\"lazy\" decoding=\"async\" class=\"alignnone size-full wp-image-3934\" src=\"https:\/\/www.travelfusioncolombia.com\/web\/wp-content\/uploads\/2016\/05\/WEB-CARTAGENA-MAGICA-Modo-de-compatibilidad-Microsoft-Word_21.jpg\" alt=\"WEB- CARTAGENA MAGICA [Modo de compatibilidad] - Microsoft Word_2\" width=\"702\" height=\"198\" srcset=\"https:\/\/www.travelfusioncolombia.com\/web\/wp-content\/uploads\/2016\/05\/WEB-CARTAGENA-MAGICA-Modo-de-compatibilidad-Microsoft-Word_21.jpg 702w, https:\/\/www.travelfusioncolombia.com\/web\/wp-content\/uploads\/2016\/05\/WEB-CARTAGENA-MAGICA-Modo-de-compatibilidad-Microsoft-Word_21-300x85.jpg 300w, https:\/\/www.travelfusioncolombia.com\/web\/wp-content\/uploads\/2016\/05\/WEB-CARTAGENA-MAGICA-Modo-de-compatibilidad-Microsoft-Word_21-260x73.jpg 260w, https:\/\/www.travelfusioncolombia.com\/web\/wp-content\/uploads\/2016\/05\/WEB-CARTAGENA-MAGICA-Modo-de-compatibilidad-Microsoft-Word_21-50x14.jpg 50w, https:\/\/www.travelfusioncolombia.com\/web\/wp-content\/uploads\/2016\/05\/WEB-CARTAGENA-MAGICA-Modo-de-compatibilidad-Microsoft-Word_21-576x162.jpg 576w, https:\/\/www.travelfusioncolombia.com\/web\/wp-content\/uploads\/2016\/05\/WEB-CARTAGENA-MAGICA-Modo-de-compatibilidad-Microsoft-Word_21-150x42.jpg 150w\" sizes=\"(max-width: 702px) 100vw, 702px\" \/><\/a><\/h2>\n<p style=\"text-align: justify;\">Palenque de San\u00a0 Basilio o San Basilio de Palenque se encuentra ubicado en el Departamento de\u00a0 Bol\u00edvar, Costa Caribe, Jurisdiccionalmente es un corregimiento del Municipio de Mahates, en las faldas de los Montes de Mar\u00eda, a 50 Km. de la ciudad de Cartagena por la Troncal del Occidente, que comunica a esta ciudad con el Departamento de Sucre- Limita con Magdalena, San Cayetano, San Pablo, Palenquito y cuenta con un n\u00famero aproximado de 3500 habitantes y de 435 familias repartidas en 421 viviendas.<\/p>\n<p style=\"text-align: justify;\"><u>\u00a0<\/u><\/p>\n<p style=\"text-align: justify;\"><strong><u>TOUR DEL DIA A SAN BASILIO DE PALENQUE:<\/u><\/strong><\/p>\n<p style=\"text-align: justify;\">En c\u00f3modos veh\u00edculos climatizados con aire acondicionado y acompa\u00f1ados\u00a0 Por un Gu\u00eda, quien ira ilustrando durante el recorrido (aproximadamente 1 hora 30 minutos).\u00a0Recibimiento por parte de un gu\u00eda nativo de la regi\u00f3n quien iniciar\u00e1 un recorrido en la poblaci\u00f3n.<\/p>\n<p>&nbsp;<\/p>\n<ul>\n<li>Caminata, visita de los sitios importantes considerados mitol\u00f3gicos.<\/li>\n<li>Charla acerca de la esclavitud, rese\u00f1a hist\u00f3rica de su llegada a Am\u00e9rica y como se instauraron all\u00ed.<\/li>\n<li>La Palenque de ayer y hoy. Muestra de m\u00fasica y danza. Muestra de dulces t\u00edpicos de la regi\u00f3n.<\/li>\n<li>Tiempo para compras de dulces t\u00edpicos y artesan\u00edas.<\/li>\n<\/ul>\n","protected":false},"excerpt":{"rendered":"<p>Palenque de San\u00a0 Basilio o San Basilio de Palenque se encuentra ubicado en el Departamento de\u00a0 Bol\u00edvar, Costa Caribe, Jurisdiccionalmente es un corregimiento del Municipio de<span class=\"excerpt-hellip\"> [\u2026]<\/span><\/p>\n","protected":false},"author":1,"featured_media":0,"parent":0,"menu_order":0,"comment_status":"closed","ping_status":"closed","template":"","meta":{"footnotes":""},"_links":{"self":[{"href":"https:\/\/www.travelfusioncolombia.com\/web\/wp-json\/wp\/v2\/pages\/3973"}],"collection":[{"href":"https:\/\/www.travelfusioncolombia.com\/web\/wp-json\/wp\/v2\/pages"}],"about":[{"href":"https:\/\/www.travelfusioncolombia.com\/web\/wp-json\/wp\/v2\/types\/page"}],"author":[{"embeddable":true,"href":"https:\/\/www.travelfusioncolombia.com\/web\/wp-json\/wp\/v2\/users\/1"}],"replies":[{"embeddable":true,"href":"https:\/\/www.travelfusioncolombia.com\/web\/wp-json\/wp\/v2\/comments?post=3973"}],"version-history":[{"count":1,"href":"https:\/\/www.travelfusioncolombia.com\/web\/wp-json\/wp\/v2\/pages\/3973\/revisions"}],"predecessor-version":[{"id":3974,"href":"https:\/\/www.travelfusioncolombia.com\/web\/wp-json\/wp\/v2\/pages\/3973\/revisions\/3974"}],"wp:attachment":[{"href":"https:\/\/www.travelfusioncolombia.com\/web\/wp-json\/wp\/v2\/media?parent=3973"}],"curies":[{"name":"wp","href":"https:\/\/api.w.org\/{rel}","templated":true}]}}