{"id":3971,"date":"2016-05-17T14:41:06","date_gmt":"2016-05-17T14:41:06","guid":{"rendered":"http:\/\/www.travelfusioncolombia.com\/web\/?page_id=3971"},"modified":"2016-05-17T14:41:06","modified_gmt":"2016-05-17T14:41:06","slug":"ruta-del-sur-mompox","status":"publish","type":"page","link":"https:\/\/www.travelfusioncolombia.com\/web\/ruta-del-sur-mompox\/","title":{"rendered":"Ruta del Sur Mompox"},"content":{"rendered":"<h2><u><\/u><a href=\"https:\/\/www.travelfusioncolombia.com\/web\/wp-content\/uploads\/2016\/05\/WEB-CARTAGENA-MAGICA-Modo-de-compatibilidad-Microsoft-Word1.jpg\"><img loading=\"lazy\" decoding=\"async\" class=\"alignnone size-full wp-image-3932\" src=\"https:\/\/www.travelfusioncolombia.com\/web\/wp-content\/uploads\/2016\/05\/WEB-CARTAGENA-MAGICA-Modo-de-compatibilidad-Microsoft-Word1.jpg\" alt=\"WEB- CARTAGENA MAGICA [Modo de compatibilidad] - Microsoft Word\" width=\"682\" height=\"177\" srcset=\"https:\/\/www.travelfusioncolombia.com\/web\/wp-content\/uploads\/2016\/05\/WEB-CARTAGENA-MAGICA-Modo-de-compatibilidad-Microsoft-Word1.jpg 682w, https:\/\/www.travelfusioncolombia.com\/web\/wp-content\/uploads\/2016\/05\/WEB-CARTAGENA-MAGICA-Modo-de-compatibilidad-Microsoft-Word1-300x78.jpg 300w, https:\/\/www.travelfusioncolombia.com\/web\/wp-content\/uploads\/2016\/05\/WEB-CARTAGENA-MAGICA-Modo-de-compatibilidad-Microsoft-Word1-260x67.jpg 260w, https:\/\/www.travelfusioncolombia.com\/web\/wp-content\/uploads\/2016\/05\/WEB-CARTAGENA-MAGICA-Modo-de-compatibilidad-Microsoft-Word1-50x13.jpg 50w, https:\/\/www.travelfusioncolombia.com\/web\/wp-content\/uploads\/2016\/05\/WEB-CARTAGENA-MAGICA-Modo-de-compatibilidad-Microsoft-Word1-576x149.jpg 576w, https:\/\/www.travelfusioncolombia.com\/web\/wp-content\/uploads\/2016\/05\/WEB-CARTAGENA-MAGICA-Modo-de-compatibilidad-Microsoft-Word1-150x39.jpg 150w\" sizes=\"(max-width: 682px) 100vw, 682px\" \/><\/a><\/h2>\n<p style=\"text-align: justify;\">Esta ruta parte\u00a0 a las 3:00 am con direcci\u00f3n a la poblaci\u00f3n de Mompox, la ruta tur\u00edstica cubre los siguientes atractivos:<\/p>\n<p style=\"text-align: justify;\">Municipio de Turbaco (Balc\u00f3n tur\u00edstico de Bol\u00edvar), continuando por el municipio de Gambote, famoso por la preparaci\u00f3n del pescado, municipio de San Juan (Santuario de Fauna y flora de los Colorados). Municipio de San Jacinto, tierra de artesanos conocida como la \u201cTierra de la Hamaca Grande\u201d donde podr\u00e1 apreciar toda la riqueza artesanal y productos elaborados a base de hilo de algod\u00f3n, como hamacas, mochilas, sombreros, etc.<\/p>\n<p style=\"text-align: justify;\">Continua el recorrido pasando por El Carmen de Bol\u00edvar (capital tabacalera de Colombia), para llegar a Magangu\u00e9, y sin entrar a la poblaci\u00f3n se cruza en Ferry el Rio Magdalena, culminando en la poblaci\u00f3n de MOMPOX, donde termina la ruta.<\/p>\n<p style=\"text-align: justify;\"><strong><u>En Mompox<\/u><\/strong> se disfruta del apacible ambiente colonial, atardecer\u00a0 en el rio magdalena y la evocaci\u00f3n de su historia en diferentes periodos: colonial, Independencia y Republicano, as\u00ed como la apreciaci\u00f3n de su arquitectura Civil, Pol\u00edtico y religiosa. El tour comprende las visitas a sus majestuosas iglesias. Es conocido el queso en capas, y las famosas artesan\u00edas orfebres en filigrana de oro y plata y los ebanistas realizadoras de las famosas mecedoras mompocinas.<\/p>\n","protected":false},"excerpt":{"rendered":"<p>Esta ruta parte\u00a0 a las 3:00 am con direcci\u00f3n a la poblaci\u00f3n de Mompox, la ruta tur\u00edstica cubre los siguientes atractivos: Municipio de Turbaco (Balc\u00f3n tur\u00edstico<span class=\"excerpt-hellip\"> [\u2026]<\/span><\/p>\n","protected":false},"author":1,"featured_media":0,"parent":0,"menu_order":0,"comment_status":"closed","ping_status":"closed","template":"","meta":{"footnotes":""},"_links":{"self":[{"href":"https:\/\/www.travelfusioncolombia.com\/web\/wp-json\/wp\/v2\/pages\/3971"}],"collection":[{"href":"https:\/\/www.travelfusioncolombia.com\/web\/wp-json\/wp\/v2\/pages"}],"about":[{"href":"https:\/\/www.travelfusioncolombia.com\/web\/wp-json\/wp\/v2\/types\/page"}],"author":[{"embeddable":true,"href":"https:\/\/www.travelfusioncolombia.com\/web\/wp-json\/wp\/v2\/users\/1"}],"replies":[{"embeddable":true,"href":"https:\/\/www.travelfusioncolombia.com\/web\/wp-json\/wp\/v2\/comments?post=3971"}],"version-history":[{"count":1,"href":"https:\/\/www.travelfusioncolombia.com\/web\/wp-json\/wp\/v2\/pages\/3971\/revisions"}],"predecessor-version":[{"id":3972,"href":"https:\/\/www.travelfusioncolombia.com\/web\/wp-json\/wp\/v2\/pages\/3971\/revisions\/3972"}],"wp:attachment":[{"href":"https:\/\/www.travelfusioncolombia.com\/web\/wp-json\/wp\/v2\/media?parent=3971"}],"curies":[{"name":"wp","href":"https:\/\/api.w.org\/{rel}","templated":true}]}}