{"id":3969,"date":"2016-05-17T14:40:22","date_gmt":"2016-05-17T14:40:22","guid":{"rendered":"http:\/\/www.travelfusioncolombia.com\/web\/?page_id=3969"},"modified":"2016-05-17T14:40:22","modified_gmt":"2016-05-17T14:40:22","slug":"full-day-santa-marta","status":"publish","type":"page","link":"https:\/\/www.travelfusioncolombia.com\/web\/full-day-santa-marta\/","title":{"rendered":"Full day Santa Marta"},"content":{"rendered":"<h2><u><\/u><a href=\"https:\/\/www.travelfusioncolombia.com\/web\/wp-content\/uploads\/2016\/05\/WEB-CARTAGENA-MAGICA-Modo-de-compatibilidad-Microsoft-Word_7.jpg\"><img loading=\"lazy\" decoding=\"async\" class=\"alignnone size-full wp-image-3931\" src=\"https:\/\/www.travelfusioncolombia.com\/web\/wp-content\/uploads\/2016\/05\/WEB-CARTAGENA-MAGICA-Modo-de-compatibilidad-Microsoft-Word_7.jpg\" alt=\"WEB- CARTAGENA MAGICA [Modo de compatibilidad] - Microsoft Word_7\" width=\"706\" height=\"153\" srcset=\"https:\/\/www.travelfusioncolombia.com\/web\/wp-content\/uploads\/2016\/05\/WEB-CARTAGENA-MAGICA-Modo-de-compatibilidad-Microsoft-Word_7.jpg 706w, https:\/\/www.travelfusioncolombia.com\/web\/wp-content\/uploads\/2016\/05\/WEB-CARTAGENA-MAGICA-Modo-de-compatibilidad-Microsoft-Word_7-300x65.jpg 300w, https:\/\/www.travelfusioncolombia.com\/web\/wp-content\/uploads\/2016\/05\/WEB-CARTAGENA-MAGICA-Modo-de-compatibilidad-Microsoft-Word_7-260x56.jpg 260w, https:\/\/www.travelfusioncolombia.com\/web\/wp-content\/uploads\/2016\/05\/WEB-CARTAGENA-MAGICA-Modo-de-compatibilidad-Microsoft-Word_7-50x11.jpg 50w, https:\/\/www.travelfusioncolombia.com\/web\/wp-content\/uploads\/2016\/05\/WEB-CARTAGENA-MAGICA-Modo-de-compatibilidad-Microsoft-Word_7-576x125.jpg 576w, https:\/\/www.travelfusioncolombia.com\/web\/wp-content\/uploads\/2016\/05\/WEB-CARTAGENA-MAGICA-Modo-de-compatibilidad-Microsoft-Word_7-150x33.jpg 150w\" sizes=\"(max-width: 706px) 100vw, 706px\" \/><\/a><\/h2>\n<p style=\"text-align: justify;\">Salida a las 6 de la ma\u00f1ana del Hotel, recorrido panor\u00e1mico por la Ciudad De Barranquilla, llegada a Santa Marta, recorrido por los sitios de inter\u00e9s tur\u00edstico de la ciudad, y\u00a0 principales atractivos de Santa Marta, con llegada a la Quinta de San Pedro Alejandrino, y llegada al Rodadero en donde podr\u00e1 disfrutar del ba\u00f1o de Mar y Almuerzo.<strong>Incluye:<\/strong> Transporte, Gu\u00eda Acompa\u00f1ante, Almuerzo, Entrada a la Quinta de San Pedro Alejandrino y Asistencia personalizada por parte de la agencia.<\/p>\n","protected":false},"excerpt":{"rendered":"<p>Salida a las 6 de la ma\u00f1ana del Hotel, recorrido panor\u00e1mico por la Ciudad De Barranquilla, llegada a Santa Marta, recorrido por los sitios de inter\u00e9s<span class=\"excerpt-hellip\"> [\u2026]<\/span><\/p>\n","protected":false},"author":1,"featured_media":0,"parent":0,"menu_order":0,"comment_status":"closed","ping_status":"closed","template":"","meta":{"footnotes":""},"_links":{"self":[{"href":"https:\/\/www.travelfusioncolombia.com\/web\/wp-json\/wp\/v2\/pages\/3969"}],"collection":[{"href":"https:\/\/www.travelfusioncolombia.com\/web\/wp-json\/wp\/v2\/pages"}],"about":[{"href":"https:\/\/www.travelfusioncolombia.com\/web\/wp-json\/wp\/v2\/types\/page"}],"author":[{"embeddable":true,"href":"https:\/\/www.travelfusioncolombia.com\/web\/wp-json\/wp\/v2\/users\/1"}],"replies":[{"embeddable":true,"href":"https:\/\/www.travelfusioncolombia.com\/web\/wp-json\/wp\/v2\/comments?post=3969"}],"version-history":[{"count":1,"href":"https:\/\/www.travelfusioncolombia.com\/web\/wp-json\/wp\/v2\/pages\/3969\/revisions"}],"predecessor-version":[{"id":3970,"href":"https:\/\/www.travelfusioncolombia.com\/web\/wp-json\/wp\/v2\/pages\/3969\/revisions\/3970"}],"wp:attachment":[{"href":"https:\/\/www.travelfusioncolombia.com\/web\/wp-json\/wp\/v2\/media?parent=3969"}],"curies":[{"name":"wp","href":"https:\/\/api.w.org\/{rel}","templated":true}]}}