{"id":3967,"date":"2016-05-17T14:39:40","date_gmt":"2016-05-17T14:39:40","guid":{"rendered":"http:\/\/www.travelfusioncolombia.com\/web\/?page_id=3967"},"modified":"2016-05-17T14:39:40","modified_gmt":"2016-05-17T14:39:40","slug":"tour-a-barranquilla","status":"publish","type":"page","link":"https:\/\/www.travelfusioncolombia.com\/web\/tour-a-barranquilla\/","title":{"rendered":"Tour a Barranquilla."},"content":{"rendered":"<h2><a href=\"https:\/\/www.travelfusioncolombia.com\/web\/wp-content\/uploads\/2016\/05\/WEB-CARTAGENA-MAGICA-Modo-de-compatibilidad-Microsoft-Word_6.jpg\"><img loading=\"lazy\" decoding=\"async\" class=\"alignnone size-full wp-image-3930\" src=\"https:\/\/www.travelfusioncolombia.com\/web\/wp-content\/uploads\/2016\/05\/WEB-CARTAGENA-MAGICA-Modo-de-compatibilidad-Microsoft-Word_6.jpg\" alt=\"WEB- CARTAGENA MAGICA [Modo de compatibilidad] - Microsoft Word_6\" width=\"694\" height=\"164\" srcset=\"https:\/\/www.travelfusioncolombia.com\/web\/wp-content\/uploads\/2016\/05\/WEB-CARTAGENA-MAGICA-Modo-de-compatibilidad-Microsoft-Word_6.jpg 694w, https:\/\/www.travelfusioncolombia.com\/web\/wp-content\/uploads\/2016\/05\/WEB-CARTAGENA-MAGICA-Modo-de-compatibilidad-Microsoft-Word_6-300x71.jpg 300w, https:\/\/www.travelfusioncolombia.com\/web\/wp-content\/uploads\/2016\/05\/WEB-CARTAGENA-MAGICA-Modo-de-compatibilidad-Microsoft-Word_6-260x61.jpg 260w, https:\/\/www.travelfusioncolombia.com\/web\/wp-content\/uploads\/2016\/05\/WEB-CARTAGENA-MAGICA-Modo-de-compatibilidad-Microsoft-Word_6-50x12.jpg 50w, https:\/\/www.travelfusioncolombia.com\/web\/wp-content\/uploads\/2016\/05\/WEB-CARTAGENA-MAGICA-Modo-de-compatibilidad-Microsoft-Word_6-576x136.jpg 576w, https:\/\/www.travelfusioncolombia.com\/web\/wp-content\/uploads\/2016\/05\/WEB-CARTAGENA-MAGICA-Modo-de-compatibilidad-Microsoft-Word_6-150x35.jpg 150w\" sizes=\"(max-width: 694px) 100vw, 694px\" \/><\/a><\/h2>\n<p style=\"text-align: justify;\">Recorra la\u00a0 ciudad pionera y epicentro de la regi\u00f3n Caribe conocida como LA PUERTA DE ORO DE COLOMBIA su principal encanto es el talento de su gente, quienes bajo el umbral de una cultura extrovertida, inmersa en mitos y leyendas han dejado florecer la creatividad en la m\u00e1xima fiesta cultural del pa\u00eds <strong>EL CARNAVAL DE BARRANQUILLA<\/strong>. Visitando <strong>EL MUSEO DEL CARIBE<\/strong> este museo se enfoca en el Caribe colombiano y sus manifestaciones ambientales, hist\u00f3ricas y socio culturales de la regi\u00f3n, conozca el\u00a0 antiguo <strong>EDIFICIO DE LA ADUA<\/strong>NA declarado patrimonio hist\u00f3rico y cultural de la regi\u00f3n en su interior funciona la biblioteca piloto del Caribe y el archivo hist\u00f3rico del atl\u00e1ntico. Luego tendr\u00e1 la oportunidad de conocer la desembocadura del rio magdalena en el mar Caribe, realizando un recorrido en tren tur\u00edstico por BOCAS DE CENIZAS. En donde disfrutara un delicioso almuerzo t\u00edpico de la regi\u00f3n. Continuamos\u00a0 el recorrido hacia uno de los atractivos favoritos de la ciudad <strong>LA CASA DEL CARNAVAL<\/strong>. Ubicada en barrio abajo tradicional sector de barranquilla, esta joya arquitect\u00f3nica construida en el siglo XX conserva su estilo colonial dentro de sus instalaciones podr\u00e1 interactuar con las diferentes artesan\u00edas y m\u00fasica y elementos del carnaval<\/p>\n<p style=\"text-align: justify;\">Para finalizar nuestra visita llegaremos a uno de los centros comerciales de la ciudad donde podr\u00e1 realizar un TOUR DE COMPRAS y llevarse un lindo recuerdo de la ciudad.<\/p>\n<p style=\"text-align: justify;\"><strong>Incluye:<\/strong> Transporte en veh\u00edculos full equipo ida y regreso, entrada a Monumentos, Museo DEL Caribe, Casa Carnaval, Bocas de Ceniza, Recorrido en tren, Tour de compras, Almuerzo T\u00edpico, Gu\u00eda Acompa\u00f1ante.<\/p>\n","protected":false},"excerpt":{"rendered":"<p>Recorra la\u00a0 ciudad pionera y epicentro de la regi\u00f3n Caribe conocida como LA PUERTA DE ORO DE COLOMBIA su principal encanto es el talento de su<span class=\"excerpt-hellip\"> [\u2026]<\/span><\/p>\n","protected":false},"author":1,"featured_media":0,"parent":0,"menu_order":0,"comment_status":"closed","ping_status":"closed","template":"","meta":{"footnotes":""},"_links":{"self":[{"href":"https:\/\/www.travelfusioncolombia.com\/web\/wp-json\/wp\/v2\/pages\/3967"}],"collection":[{"href":"https:\/\/www.travelfusioncolombia.com\/web\/wp-json\/wp\/v2\/pages"}],"about":[{"href":"https:\/\/www.travelfusioncolombia.com\/web\/wp-json\/wp\/v2\/types\/page"}],"author":[{"embeddable":true,"href":"https:\/\/www.travelfusioncolombia.com\/web\/wp-json\/wp\/v2\/users\/1"}],"replies":[{"embeddable":true,"href":"https:\/\/www.travelfusioncolombia.com\/web\/wp-json\/wp\/v2\/comments?post=3967"}],"version-history":[{"count":1,"href":"https:\/\/www.travelfusioncolombia.com\/web\/wp-json\/wp\/v2\/pages\/3967\/revisions"}],"predecessor-version":[{"id":3968,"href":"https:\/\/www.travelfusioncolombia.com\/web\/wp-json\/wp\/v2\/pages\/3967\/revisions\/3968"}],"wp:attachment":[{"href":"https:\/\/www.travelfusioncolombia.com\/web\/wp-json\/wp\/v2\/media?parent=3967"}],"curies":[{"name":"wp","href":"https:\/\/api.w.org\/{rel}","templated":true}]}}