{"id":3965,"date":"2016-05-17T14:39:05","date_gmt":"2016-05-17T14:39:05","guid":{"rendered":"http:\/\/www.travelfusioncolombia.com\/web\/?page_id=3965"},"modified":"2016-05-17T14:39:05","modified_gmt":"2016-05-17T14:39:05","slug":"excursion-volcan-del-totumo","status":"publish","type":"page","link":"https:\/\/www.travelfusioncolombia.com\/web\/excursion-volcan-del-totumo\/","title":{"rendered":"Excursi\u00f3n Volc\u00e1n Del Totumo"},"content":{"rendered":"<h2><u><\/u><a href=\"https:\/\/www.travelfusioncolombia.com\/web\/wp-content\/uploads\/2016\/05\/WEB-CARTAGENA-MAGICA-Modo-de-compatibilidad-Microsoft-Word_5.jpg\"><img loading=\"lazy\" decoding=\"async\" class=\"alignnone size-full wp-image-3927\" src=\"https:\/\/www.travelfusioncolombia.com\/web\/wp-content\/uploads\/2016\/05\/WEB-CARTAGENA-MAGICA-Modo-de-compatibilidad-Microsoft-Word_5.jpg\" alt=\"WEB- CARTAGENA MAGICA [Modo de compatibilidad] - Microsoft Word_5\" width=\"604\" height=\"181\" srcset=\"https:\/\/www.travelfusioncolombia.com\/web\/wp-content\/uploads\/2016\/05\/WEB-CARTAGENA-MAGICA-Modo-de-compatibilidad-Microsoft-Word_5.jpg 604w, https:\/\/www.travelfusioncolombia.com\/web\/wp-content\/uploads\/2016\/05\/WEB-CARTAGENA-MAGICA-Modo-de-compatibilidad-Microsoft-Word_5-300x90.jpg 300w, https:\/\/www.travelfusioncolombia.com\/web\/wp-content\/uploads\/2016\/05\/WEB-CARTAGENA-MAGICA-Modo-de-compatibilidad-Microsoft-Word_5-260x78.jpg 260w, https:\/\/www.travelfusioncolombia.com\/web\/wp-content\/uploads\/2016\/05\/WEB-CARTAGENA-MAGICA-Modo-de-compatibilidad-Microsoft-Word_5-50x15.jpg 50w, https:\/\/www.travelfusioncolombia.com\/web\/wp-content\/uploads\/2016\/05\/WEB-CARTAGENA-MAGICA-Modo-de-compatibilidad-Microsoft-Word_5-576x173.jpg 576w, https:\/\/www.travelfusioncolombia.com\/web\/wp-content\/uploads\/2016\/05\/WEB-CARTAGENA-MAGICA-Modo-de-compatibilidad-Microsoft-Word_5-150x45.jpg 150w\" sizes=\"(max-width: 604px) 100vw, 604px\" \/><\/a><\/h2>\n<p><strong>Un Contacto directo con la Naturaleza<\/strong><\/p>\n<p style=\"text-align: justify;\">Interesante y amplia traves\u00eda por la zona norte de Cartagena hasta la Ci\u00e9naga del Totumo, situado a unos 60 Kil\u00f3metros entre las ciudades de Cartagena y Barranquilla, por la llamada V\u00eda al Mar. Esta Ci\u00e9naga es de color verdoso y a pocos pasos se encuentra el Volc\u00e1n de Lodo Natural que tiene una elevaci\u00f3n m\u00e1xima de 20 Metros de altura.<\/p>\n<p style=\"text-align: justify;\">Es un sitio sin mucha infraestructura administrado por los nativos de la regi\u00f3n.\u00a0 Se debe ascender por unos r\u00fasticos escalones hasta llegar al cr\u00e1ter donde se sumerge al lodo frio y azufrado (Medicinal). Usted podr\u00e1 nadar sin el temor de sumergirse, una vez que disfrute de este ba\u00f1o, podr\u00e1 descender y esperar a que el lodo se seque sobre la piel para que deje su piel suave y tersa.<\/p>\n<p style=\"text-align: justify;\">\u00a0Los nativos los dirigen hasta la ci\u00e9naga de agua dulce, donde les ayudaran a retirar el lodo de su cuerpo. Posteriormente nos trasladamos al pueblo de pescadores de llamado Manzanillo del Mar a las afuera de la Ciudad de Cartagena donde podr\u00e1 disfrutar de sus paisajes, tiempo pada darse un ba\u00f1o en el mar y disfrutar de un almuerzo t\u00edpico Cartagenero.<\/p>\n<p><u>\u00a0<\/u><\/p>\n<table>\n<tbody>\n<tr>\n<td width=\"0\"><\/td>\n<td width=\"361\"><\/td>\n<td width=\"9\"><\/td>\n<td width=\"352\"><\/td>\n<\/tr>\n<tr>\n<td><\/td>\n<td width=\"361\">\n<table width=\"100%\">\n<tbody>\n<tr>\n<td><strong><em>Opci\u00f3n \u00a0# 1\u00a0\u00a0\u00a0<\/em><\/strong><em>Salida: 09:00 horas.<\/em><\/p>\n<p><em>Regreso: 15:00 horas<\/em><\/p>\n<p><em>Duraci\u00f3n: 5\u00a0\u00bd horas<\/em><\/p>\n<p><strong><em>Incluye:<\/em><\/strong><\/p>\n<p><em>Transporte Hotel \/ Volc\u00e1n del Totumo \/ Hotel, ingreso al volc\u00e1n del totumo.<\/em><\/p>\n<p><em>Almuerzo t\u00edpico, acompa\u00f1ado de gaseosa, gu\u00eda acompa\u00f1ante.<\/em><\/p>\n<p><strong><em>No\u00a0<\/em><\/strong><strong><em>Incluye:<\/em><\/strong><\/p>\n<p><em>Propinas, toallas, bebidas, gastos no especificados en el programa.<\/em><\/p>\n<p><strong><em>Sugerimos<\/em><\/strong><\/p>\n<p><em>Llevar agua o bebidas hidratantes, sombrero, repelente, zapatos livianos, bloqueador solar.\u00a0<\/em><\/p>\n<p>&nbsp;<\/td>\n<\/tr>\n<\/tbody>\n<\/table>\n<\/td>\n<td><\/td>\n<td width=\"352\">\n<table width=\"100%\">\n<tbody>\n<tr>\n<td><strong><em>Opci\u00f3n # 2<\/em><\/strong><strong><em>\u00a0<\/em><\/strong><\/p>\n<p><strong><em>Horario Salida en la ma\u00f1ana<\/em><\/strong><\/p>\n<p><em>Salida: 09:00 horas.<\/em><\/p>\n<p><em>Regreso: 13:00 horas<\/em><\/p>\n<p><strong><em>Horario salida en la tarde<\/em><\/strong><\/p>\n<p><em>Salida: 14:00 horas.<\/em><\/p>\n<p><em>Regreso: 18:00 horas.<\/em><\/p>\n<p><em>Duraci\u00f3n: 4\u00a0horas<\/em><\/p>\n<p><strong><em>Incluye:<\/em><\/strong><em>.<\/em><\/p>\n<p><em>Transporte Hotel \/ Volc\u00e1n del Totumo \/ Hotel., ingreso al volc\u00e1n del totumo, gu\u00eda acompa\u00f1ante.<\/em><\/p>\n<p><strong><em>No\u00a0<\/em><\/strong><em>Incluye:<\/em><\/p>\n<p><em>Almuerzo T\u00edpico Cartagenero, propinas, toallas, bebidas, gastos no especificados en el programa.<\/em><\/p>\n<p>&nbsp;<\/td>\n<\/tr>\n<\/tbody>\n<\/table>\n<\/td>\n<\/tr>\n<\/tbody>\n<\/table>\n<h2><\/h2>\n","protected":false},"excerpt":{"rendered":"<p>Un Contacto directo con la Naturaleza Interesante y amplia traves\u00eda por la zona norte de Cartagena hasta la Ci\u00e9naga del Totumo, situado a unos 60 Kil\u00f3metros<span class=\"excerpt-hellip\"> [\u2026]<\/span><\/p>\n","protected":false},"author":1,"featured_media":0,"parent":0,"menu_order":0,"comment_status":"closed","ping_status":"closed","template":"","meta":{"footnotes":""},"_links":{"self":[{"href":"https:\/\/www.travelfusioncolombia.com\/web\/wp-json\/wp\/v2\/pages\/3965"}],"collection":[{"href":"https:\/\/www.travelfusioncolombia.com\/web\/wp-json\/wp\/v2\/pages"}],"about":[{"href":"https:\/\/www.travelfusioncolombia.com\/web\/wp-json\/wp\/v2\/types\/page"}],"author":[{"embeddable":true,"href":"https:\/\/www.travelfusioncolombia.com\/web\/wp-json\/wp\/v2\/users\/1"}],"replies":[{"embeddable":true,"href":"https:\/\/www.travelfusioncolombia.com\/web\/wp-json\/wp\/v2\/comments?post=3965"}],"version-history":[{"count":1,"href":"https:\/\/www.travelfusioncolombia.com\/web\/wp-json\/wp\/v2\/pages\/3965\/revisions"}],"predecessor-version":[{"id":3966,"href":"https:\/\/www.travelfusioncolombia.com\/web\/wp-json\/wp\/v2\/pages\/3965\/revisions\/3966"}],"wp:attachment":[{"href":"https:\/\/www.travelfusioncolombia.com\/web\/wp-json\/wp\/v2\/media?parent=3965"}],"curies":[{"name":"wp","href":"https:\/\/api.w.org\/{rel}","templated":true}]}}