{"id":3961,"date":"2016-05-17T14:37:35","date_gmt":"2016-05-17T14:37:35","guid":{"rendered":"http:\/\/www.travelfusioncolombia.com\/web\/?page_id=3961"},"modified":"2016-05-17T14:37:35","modified_gmt":"2016-05-17T14:37:35","slug":"islas-del-rosario","status":"publish","type":"page","link":"https:\/\/www.travelfusioncolombia.com\/web\/islas-del-rosario\/","title":{"rendered":"Islas Del Rosario\u00a0"},"content":{"rendered":"<h2><u><\/u><a href=\"https:\/\/www.travelfusioncolombia.com\/web\/wp-content\/uploads\/2016\/05\/WEB-CARTAGENA-MAGICA-Modo-de-compatibilidad-Microsoft-Word_3.jpg\"><img loading=\"lazy\" decoding=\"async\" class=\"alignnone size-full wp-image-3925\" src=\"https:\/\/www.travelfusioncolombia.com\/web\/wp-content\/uploads\/2016\/05\/WEB-CARTAGENA-MAGICA-Modo-de-compatibilidad-Microsoft-Word_3.jpg\" alt=\"WEB- CARTAGENA MAGICA [Modo de compatibilidad] - Microsoft Word_3\" width=\"740\" height=\"465\" srcset=\"https:\/\/www.travelfusioncolombia.com\/web\/wp-content\/uploads\/2016\/05\/WEB-CARTAGENA-MAGICA-Modo-de-compatibilidad-Microsoft-Word_3.jpg 740w, https:\/\/www.travelfusioncolombia.com\/web\/wp-content\/uploads\/2016\/05\/WEB-CARTAGENA-MAGICA-Modo-de-compatibilidad-Microsoft-Word_3-300x189.jpg 300w, https:\/\/www.travelfusioncolombia.com\/web\/wp-content\/uploads\/2016\/05\/WEB-CARTAGENA-MAGICA-Modo-de-compatibilidad-Microsoft-Word_3-232x146.jpg 232w, https:\/\/www.travelfusioncolombia.com\/web\/wp-content\/uploads\/2016\/05\/WEB-CARTAGENA-MAGICA-Modo-de-compatibilidad-Microsoft-Word_3-50x31.jpg 50w, https:\/\/www.travelfusioncolombia.com\/web\/wp-content\/uploads\/2016\/05\/WEB-CARTAGENA-MAGICA-Modo-de-compatibilidad-Microsoft-Word_3-576x362.jpg 576w, https:\/\/www.travelfusioncolombia.com\/web\/wp-content\/uploads\/2016\/05\/WEB-CARTAGENA-MAGICA-Modo-de-compatibilidad-Microsoft-Word_3-119x75.jpg 119w\" sizes=\"(max-width: 740px) 100vw, 740px\" \/><\/a><\/h2>\n<p style=\"text-align: justify;\">Un emocionante viaje de 45 min. Aprox. en yate o lanchas r\u00e1pidas saliendo del Muelle de La bodeguita hacia las Islas del Rosario, hermoso archipi\u00e9lago alejado del resto del mundo, con sus aguas cristalinas y de agradables tonos azul verdosos. En las islas se podr\u00e1 deleitar con un t\u00edpico almuerzo cartagenero al aire libre, a la sombra de las palmeras.<\/p>\n<p><strong>\u00a0<\/strong><\/p>\n<p><strong>Islas del Rosario.\u00a0\u00a0\u00a0\u00a0\u00a0\u00a0\u00a0\u00a0\u00a0\u00a0\u00a0\u00a0\u00a0\u00a0\u00a0\u00a0\u00a0\u00a0\u00a0\u00a0\u00a0\u00a0\u00a0\u00a0\u00a0\u00a0\u00a0\u00a0\u00a0\u00a0\u00a0\u00a0\u00a0\u00a0\u00a0\u00a0\u00a0\u00a0\u00a0\u00a0\u00a0\u00a0\u00a0\u00a0\u00a0\u00a0\u00a0\u00a0\u00a0\u00a0\u00a0\u00a0\u00a0\u00a0<\/strong><\/p>\n<ul>\n<li>Isla del Pirata. (playa Privada)<\/li>\n<li>Isla del Encanto. (piscina y playa privada)<\/li>\n<li>Isla del Sol. (piscina y \u00c1rea adaptada para tomar el ba\u00f1o de mar)<\/li>\n<li>Isla de Cocoliso. (piscina y \u00c1rea Adaptada para tomar el ba\u00f1o de mar)<\/li>\n<li>Isla de San Pedro de Majagua<\/li>\n<li>Isla gente de mar ( playa privada)<\/li>\n<\/ul>\n<p><u>\u00a0<\/u><\/p>\n<table width=\"80%\">\n<tbody>\n<tr>\n<td width=\"50%\"><strong><em>INCLUYE :<\/em><\/strong>\u00a7\u00a0 <em>Almuerzo t\u00edpico isle\u00f1o, con b<\/em><em>ebida no alcoh\u00f3lica para el almuerzo.<\/em><\/p>\n<ul>\n<li><em>Traslado- hotel \u2013muelle<\/em><\/li>\n<\/ul>\n<ul>\n<li><em>Transporte N\u00e1utico Cartagena \/ Islas del Rosario \/ Cartagena.<\/em><\/li>\n<li><em>Recepci\u00f3n y Asistencia en el Muelle Tur\u00edstico.<\/em><\/li>\n<li><em>Gu\u00eda Biling\u00fce.<\/em><\/li>\n<\/ul>\n<p>\u00a7\u00a0 <em>Tour panor\u00e1mico alrededor del Archipi\u00e9lago y parque Natural Corales del Rosario<\/em><\/p>\n<p>&nbsp;<\/td>\n<td width=\"49%\"><strong>NO INCLUYE:<\/strong><\/p>\n<ul>\n<li><em>Impuesto Muelle y ministerio de Medio Ambiente<\/em><\/li>\n<li><em>Entrada al Oceanario.<\/em><\/li>\n<li><em>Buceo o Snorkeling.<\/em><\/li>\n<li><em>Consumos en el Bar.<\/em><\/li>\n<li><em>Sala de Masajes.<\/em><\/li>\n<li><em>Actividades N\u00e1uticas.<\/em><\/li>\n<li><em>Traslados Terrestres.<\/em><\/li>\n<li><em>Gastos No especificados en el programa.<\/em><\/li>\n<\/ul>\n<p>&nbsp;<\/td>\n<\/tr>\n<\/tbody>\n<\/table>\n<p>&nbsp;<\/p>\n","protected":false},"excerpt":{"rendered":"<p>Un emocionante viaje de 45 min. Aprox. en yate o lanchas r\u00e1pidas saliendo del Muelle de La bodeguita hacia las Islas del Rosario, hermoso archipi\u00e9lago alejado<span class=\"excerpt-hellip\"> [\u2026]<\/span><\/p>\n","protected":false},"author":1,"featured_media":0,"parent":0,"menu_order":0,"comment_status":"closed","ping_status":"closed","template":"","meta":{"footnotes":""},"_links":{"self":[{"href":"https:\/\/www.travelfusioncolombia.com\/web\/wp-json\/wp\/v2\/pages\/3961"}],"collection":[{"href":"https:\/\/www.travelfusioncolombia.com\/web\/wp-json\/wp\/v2\/pages"}],"about":[{"href":"https:\/\/www.travelfusioncolombia.com\/web\/wp-json\/wp\/v2\/types\/page"}],"author":[{"embeddable":true,"href":"https:\/\/www.travelfusioncolombia.com\/web\/wp-json\/wp\/v2\/users\/1"}],"replies":[{"embeddable":true,"href":"https:\/\/www.travelfusioncolombia.com\/web\/wp-json\/wp\/v2\/comments?post=3961"}],"version-history":[{"count":1,"href":"https:\/\/www.travelfusioncolombia.com\/web\/wp-json\/wp\/v2\/pages\/3961\/revisions"}],"predecessor-version":[{"id":3962,"href":"https:\/\/www.travelfusioncolombia.com\/web\/wp-json\/wp\/v2\/pages\/3961\/revisions\/3962"}],"wp:attachment":[{"href":"https:\/\/www.travelfusioncolombia.com\/web\/wp-json\/wp\/v2\/media?parent=3961"}],"curies":[{"name":"wp","href":"https:\/\/api.w.org\/{rel}","templated":true}]}}