{"id":3959,"date":"2016-05-17T14:36:51","date_gmt":"2016-05-17T14:36:51","guid":{"rendered":"http:\/\/www.travelfusioncolombia.com\/web\/?page_id=3959"},"modified":"2016-05-17T14:36:51","modified_gmt":"2016-05-17T14:36:51","slug":"rumba-en-chiva","status":"publish","type":"page","link":"https:\/\/www.travelfusioncolombia.com\/web\/rumba-en-chiva\/","title":{"rendered":"Rumba en Chiva"},"content":{"rendered":"<h2><em>\u00a0<\/em>\u00a0<a href=\"https:\/\/www.travelfusioncolombia.com\/web\/wp-content\/uploads\/2016\/05\/WEB-CARTAGENA-MAGICA-Modo-de-compatibilidad-Microsoft-Word_2.jpg\"><img loading=\"lazy\" decoding=\"async\" class=\"alignnone size-full wp-image-3924\" src=\"https:\/\/www.travelfusioncolombia.com\/web\/wp-content\/uploads\/2016\/05\/WEB-CARTAGENA-MAGICA-Modo-de-compatibilidad-Microsoft-Word_2.jpg\" alt=\"WEB- CARTAGENA MAGICA [Modo de compatibilidad] - Microsoft Word_2\" width=\"678\" height=\"145\" srcset=\"https:\/\/www.travelfusioncolombia.com\/web\/wp-content\/uploads\/2016\/05\/WEB-CARTAGENA-MAGICA-Modo-de-compatibilidad-Microsoft-Word_2.jpg 678w, https:\/\/www.travelfusioncolombia.com\/web\/wp-content\/uploads\/2016\/05\/WEB-CARTAGENA-MAGICA-Modo-de-compatibilidad-Microsoft-Word_2-300x64.jpg 300w, https:\/\/www.travelfusioncolombia.com\/web\/wp-content\/uploads\/2016\/05\/WEB-CARTAGENA-MAGICA-Modo-de-compatibilidad-Microsoft-Word_2-260x56.jpg 260w, https:\/\/www.travelfusioncolombia.com\/web\/wp-content\/uploads\/2016\/05\/WEB-CARTAGENA-MAGICA-Modo-de-compatibilidad-Microsoft-Word_2-50x11.jpg 50w, https:\/\/www.travelfusioncolombia.com\/web\/wp-content\/uploads\/2016\/05\/WEB-CARTAGENA-MAGICA-Modo-de-compatibilidad-Microsoft-Word_2-576x123.jpg 576w, https:\/\/www.travelfusioncolombia.com\/web\/wp-content\/uploads\/2016\/05\/WEB-CARTAGENA-MAGICA-Modo-de-compatibilidad-Microsoft-Word_2-150x32.jpg 150w\" sizes=\"(max-width: 678px) 100vw, 678px\" \/><\/a><\/h2>\n<p style=\"text-align: justify;\">Salida a las 8 de la noche del Hotel, se inicia el recorrido nocturno por el sector moderno y Colonial de la ciudad, acompa\u00f1ado por un conjunto de vallenato quien ameniza todo el recorrido, con bar abierto (Ron de la regi\u00f3n), Llegada a las B\u00f3vedas, ubicadas en el sector amurallado en donde tendr\u00e1n una integraci\u00f3n con las dem\u00e1s chivas, mientras degustan de los Fritos T\u00edpicos de la regi\u00f3n, posteriormente se llega a una discoteca dentro del Centro Hist\u00f3rico.<\/p>\n<p style=\"text-align: justify;\"><strong>Incluye:<\/strong> Transporte, Gu\u00eda permanente, Conjunto de Vallenato,\u00a0 Bar abierto, Degustaci\u00f3n de fritos t\u00edpicos y Asistencia personalizada por parte de la agencia.<\/p>\n","protected":false},"excerpt":{"rendered":"<p>\u00a0\u00a0 Salida a las 8 de la noche del Hotel, se inicia el recorrido nocturno por el sector moderno y Colonial de la ciudad, acompa\u00f1ado por<span class=\"excerpt-hellip\"> [\u2026]<\/span><\/p>\n","protected":false},"author":1,"featured_media":0,"parent":0,"menu_order":0,"comment_status":"closed","ping_status":"closed","template":"","meta":{"footnotes":""},"_links":{"self":[{"href":"https:\/\/www.travelfusioncolombia.com\/web\/wp-json\/wp\/v2\/pages\/3959"}],"collection":[{"href":"https:\/\/www.travelfusioncolombia.com\/web\/wp-json\/wp\/v2\/pages"}],"about":[{"href":"https:\/\/www.travelfusioncolombia.com\/web\/wp-json\/wp\/v2\/types\/page"}],"author":[{"embeddable":true,"href":"https:\/\/www.travelfusioncolombia.com\/web\/wp-json\/wp\/v2\/users\/1"}],"replies":[{"embeddable":true,"href":"https:\/\/www.travelfusioncolombia.com\/web\/wp-json\/wp\/v2\/comments?post=3959"}],"version-history":[{"count":1,"href":"https:\/\/www.travelfusioncolombia.com\/web\/wp-json\/wp\/v2\/pages\/3959\/revisions"}],"predecessor-version":[{"id":3960,"href":"https:\/\/www.travelfusioncolombia.com\/web\/wp-json\/wp\/v2\/pages\/3959\/revisions\/3960"}],"wp:attachment":[{"href":"https:\/\/www.travelfusioncolombia.com\/web\/wp-json\/wp\/v2\/media?parent=3959"}],"curies":[{"name":"wp","href":"https:\/\/api.w.org\/{rel}","templated":true}]}}