{"id":3955,"date":"2016-05-17T14:33:37","date_gmt":"2016-05-17T14:33:37","guid":{"rendered":"http:\/\/www.travelfusioncolombia.com\/web\/?page_id=3955"},"modified":"2017-03-10T22:54:53","modified_gmt":"2017-03-10T22:54:53","slug":"city-tour-cultural","status":"publish","type":"page","link":"https:\/\/www.travelfusioncolombia.com\/web\/city-tour-cultural\/","title":{"rendered":"City tour cultural"},"content":{"rendered":"<h2>City tour cultural<\/h2>\n<p><a href=\"https:\/\/www.travelfusioncolombia.com\/web\/wp-content\/uploads\/2016\/05\/WEB-CARTAGENA-MAGICA-Modo-de-compatibilidad-Microsoft-Word.jpg\"><img loading=\"lazy\" decoding=\"async\" class=\"alignnone size-full wp-image-3923\" src=\"https:\/\/www.travelfusioncolombia.com\/web\/wp-content\/uploads\/2016\/05\/WEB-CARTAGENA-MAGICA-Modo-de-compatibilidad-Microsoft-Word.jpg\" alt=\"WEB- CARTAGENA MAGICA [Modo de compatibilidad] - Microsoft Word\" width=\"709\" height=\"349\" srcset=\"https:\/\/www.travelfusioncolombia.com\/web\/wp-content\/uploads\/2016\/05\/WEB-CARTAGENA-MAGICA-Modo-de-compatibilidad-Microsoft-Word.jpg 709w, https:\/\/www.travelfusioncolombia.com\/web\/wp-content\/uploads\/2016\/05\/WEB-CARTAGENA-MAGICA-Modo-de-compatibilidad-Microsoft-Word-300x148.jpg 300w, https:\/\/www.travelfusioncolombia.com\/web\/wp-content\/uploads\/2016\/05\/WEB-CARTAGENA-MAGICA-Modo-de-compatibilidad-Microsoft-Word-260x128.jpg 260w, https:\/\/www.travelfusioncolombia.com\/web\/wp-content\/uploads\/2016\/05\/WEB-CARTAGENA-MAGICA-Modo-de-compatibilidad-Microsoft-Word-50x25.jpg 50w, https:\/\/www.travelfusioncolombia.com\/web\/wp-content\/uploads\/2016\/05\/WEB-CARTAGENA-MAGICA-Modo-de-compatibilidad-Microsoft-Word-576x284.jpg 576w, https:\/\/www.travelfusioncolombia.com\/web\/wp-content\/uploads\/2016\/05\/WEB-CARTAGENA-MAGICA-Modo-de-compatibilidad-Microsoft-Word-150x75.jpg 150w\" sizes=\"(max-width: 709px) 100vw, 709px\" \/><\/a><\/p>\n<p style=\"text-align: justify;\">Recorrido por la ciudad moderna y antigua haciendo un panor\u00e1mico por el sector tur\u00edstico de Bocagrande. Castillo grande, bordeando la bah\u00eda de Cartagena, club naval, infanter\u00eda de marina Av. San Mart\u00edn muelle de los pegasos, torre del reloj Getseman\u00ed y los barrios de manga y el pie de la popa hasta llegar al monumento de LOS ZAPATOS VIEJOS, para luego partir hacia el CONVENTO DE LA POPA (el punto m\u00e1s alto de la ciudad) all\u00ed se aprecia una espectacular vista, un museo lleno de leyendas. Un monasterio que ahora es vivienda\u00a0 y una hermosa iglesia de la \u00e9poca colonial. Despu\u00e9s de una hora descendemos hasta imponente fortaleza del CASTILLO DE SAN FELIPE y sus imponentes t\u00faneles considerado la obra\u00a0 de ingenier\u00eda militar espa\u00f1ola m\u00e1s destacada de Am\u00e9rica localizado fuera del recinto amurallado, luego continuamos el recorrido hacia el CENTRO ARTESANAL DE LAS BOVEDAS ubicado en el centro hist\u00f3rico de Cartagena donde podr\u00e1n encontrar las mejores artesan\u00edas de nuestro pa\u00eds. Finalizando con una caminata por el centro hist\u00f3rico de la ciudad, donde se encuentran las iglesias, plazas, museos, restaurantes, tiendas y joyer\u00edas. Durante el recorrido estar\u00e1n acompa\u00f1ados por gu\u00eda especializado que les brindara una completa informaci\u00f3n de la historia de todos los sitios que visiten.<\/p>\n<p style=\"text-align: justify;\">Salidas: De Lunes A Domingo.<\/p>\n<p style=\"text-align: justify;\">\n","protected":false},"excerpt":{"rendered":"<p>City tour cultural Recorrido por la ciudad moderna y antigua haciendo un panor\u00e1mico por el sector tur\u00edstico de Bocagrande. Castillo grande, bordeando la bah\u00eda de Cartagena,<span class=\"excerpt-hellip\"> [\u2026]<\/span><\/p>\n","protected":false},"author":1,"featured_media":0,"parent":0,"menu_order":0,"comment_status":"closed","ping_status":"closed","template":"","meta":{"footnotes":""},"_links":{"self":[{"href":"https:\/\/www.travelfusioncolombia.com\/web\/wp-json\/wp\/v2\/pages\/3955"}],"collection":[{"href":"https:\/\/www.travelfusioncolombia.com\/web\/wp-json\/wp\/v2\/pages"}],"about":[{"href":"https:\/\/www.travelfusioncolombia.com\/web\/wp-json\/wp\/v2\/types\/page"}],"author":[{"embeddable":true,"href":"https:\/\/www.travelfusioncolombia.com\/web\/wp-json\/wp\/v2\/users\/1"}],"replies":[{"embeddable":true,"href":"https:\/\/www.travelfusioncolombia.com\/web\/wp-json\/wp\/v2\/comments?post=3955"}],"version-history":[{"count":6,"href":"https:\/\/www.travelfusioncolombia.com\/web\/wp-json\/wp\/v2\/pages\/3955\/revisions"}],"predecessor-version":[{"id":4226,"href":"https:\/\/www.travelfusioncolombia.com\/web\/wp-json\/wp\/v2\/pages\/3955\/revisions\/4226"}],"wp:attachment":[{"href":"https:\/\/www.travelfusioncolombia.com\/web\/wp-json\/wp\/v2\/media?parent=3955"}],"curies":[{"name":"wp","href":"https:\/\/api.w.org\/{rel}","templated":true}]}}