{"id":3845,"date":"2015-09-10T05:25:06","date_gmt":"2015-09-10T05:25:06","guid":{"rendered":"http:\/\/www.travelfusioncolombia.com\/web\/?page_id=3845"},"modified":"2015-09-10T05:25:06","modified_gmt":"2015-09-10T05:25:06","slug":"guajira","status":"publish","type":"page","link":"https:\/\/www.travelfusioncolombia.com\/web\/guajira\/","title":{"rendered":"GUAJIRA"},"content":{"rendered":"<p style=\"text-align: center;\"><strong><em>\u201cLA GUAJIRA CON VISITA AL CABO DE LA VELA\u201d<\/em><\/strong><\/p>\n<p style=\"text-align: center;\">\n<p>Actualmente es un destino y para\u00edso tur\u00edstico que comprende, desde su vasto y m\u00e1gico desierto hasta las m\u00e1s hermosas playas en el extremo norte de Colombia, sus principales atractivos, El pil\u00f3n de Az\u00facar, La playa dorada, el ojo de agua y las Rancher\u00edas aleda\u00f1as donde aun se aprecian comunidades ind\u00edgenas precolombinas como la WAYU.<\/p>\n\n\t\t\t<style type='text\/css'>\n\t\t\t\t#sc_gallery-6765 {\n\t\t\t\t\tmargin: auto;\n\t\t\t\t}\n\t\t\t\t#sc_gallery-6765 .gallery-item {\n\t\t\t\t\tfloat: left;\n\t\t\t\t\tmargin-top: 10px;\n\t\t\t\t\ttext-align: center;\n\t\t\t\t\twidth: 33.33%;\n\t\t\t\t}\n\t\t\t\t#sc_gallery-6765 img {\n\t\t\t\t\tborder: 2px solid #cfcfcf;\n\t\t\t\t}\n\t\t\t\t#sc_gallery-6765 .gallery-caption {\n\t\t\t\t\tmargin-left: 0;\n\t\t\t\t}\n\t\t\t\t\/* see sc_gallery() in functions\/theme-shortcodes.php *\/\n\t\t\t<\/style>\n\t\t<div id='sc_gallery-6765' class='gallery element_classes galleryid-3845 gallery-columns-3 gallery-size-thumbnail '><dl class='gallery-item'>\n\t\t\t\t<dt class='gallery-icon landscape'>\n\t\t\t\t\t<a href='https:\/\/www.travelfusioncolombia.com\/web\/guajira\/a\/'><img loading=\"lazy\" decoding=\"async\" width=\"150\" height=\"150\" src=\"https:\/\/www.travelfusioncolombia.com\/web\/wp-content\/uploads\/2015\/09\/A-150x150.jpg\" class=\"attachment-thumbnail size-thumbnail\" alt=\"\" srcset=\"https:\/\/www.travelfusioncolombia.com\/web\/wp-content\/uploads\/2015\/09\/A-150x150.jpg 150w, https:\/\/www.travelfusioncolombia.com\/web\/wp-content\/uploads\/2015\/09\/A-80x80.jpg 80w, https:\/\/www.travelfusioncolombia.com\/web\/wp-content\/uploads\/2015\/09\/A-85x85.jpg 85w\" sizes=\"(max-width: 150px) 100vw, 150px\" \/><\/a>\n\t\t\t\t<\/dt><\/dl><dl class='gallery-item'>\n\t\t\t\t<dt class='gallery-icon landscape'>\n\t\t\t\t\t<a href='https:\/\/www.travelfusioncolombia.com\/web\/guajira\/b\/'><img loading=\"lazy\" decoding=\"async\" width=\"150\" height=\"150\" src=\"https:\/\/www.travelfusioncolombia.com\/web\/wp-content\/uploads\/2015\/09\/B-150x150.jpg\" class=\"attachment-thumbnail size-thumbnail\" alt=\"\" srcset=\"https:\/\/www.travelfusioncolombia.com\/web\/wp-content\/uploads\/2015\/09\/B-150x150.jpg 150w, https:\/\/www.travelfusioncolombia.com\/web\/wp-content\/uploads\/2015\/09\/B-80x80.jpg 80w, https:\/\/www.travelfusioncolombia.com\/web\/wp-content\/uploads\/2015\/09\/B-85x85.jpg 85w\" sizes=\"(max-width: 150px) 100vw, 150px\" \/><\/a>\n\t\t\t\t<\/dt><\/dl><dl class='gallery-item'>\n\t\t\t\t<dt class='gallery-icon landscape'>\n\t\t\t\t\t<a href='https:\/\/www.travelfusioncolombia.com\/web\/guajira\/c\/'><img loading=\"lazy\" decoding=\"async\" width=\"150\" height=\"150\" src=\"https:\/\/www.travelfusioncolombia.com\/web\/wp-content\/uploads\/2015\/09\/C-150x150.jpg\" class=\"attachment-thumbnail size-thumbnail\" alt=\"\" srcset=\"https:\/\/www.travelfusioncolombia.com\/web\/wp-content\/uploads\/2015\/09\/C-150x150.jpg 150w, https:\/\/www.travelfusioncolombia.com\/web\/wp-content\/uploads\/2015\/09\/C-80x80.jpg 80w, https:\/\/www.travelfusioncolombia.com\/web\/wp-content\/uploads\/2015\/09\/C-85x85.jpg 85w\" sizes=\"(max-width: 150px) 100vw, 150px\" \/><\/a>\n\t\t\t\t<\/dt><\/dl><br style=\"clear: both\" \/>\n\t\t\t<\/div>\n\n<p><strong>El programa incluye:<\/strong><\/p>\n<ul>\n<li>Traslado Terrestre desde y hacia Cartagena.<\/li>\n<li>Alojamiento de acuerdo al n\u00famero de noches seleccionado.<\/li>\n<li>Desayuno, Almuerzo y Cena diarios.<\/li>\n<li>Visita al Faro.<\/li>\n<li>Visita al Pil\u00f3n de Az\u00facar.<\/li>\n<li>Entrada a Manaure (Minas de sal).<\/li>\n<li>Tarde de rancher\u00eda, con baile de la chichamaya y degustaci\u00f3n de chirrinchi.<\/li>\n<li>Visita al Santuario de los Flamingos rosados.<\/li>\n<li>Asistencia personalizada por parte de la agencia.<\/li>\n<li>Guia permanente.<\/li>\n<\/ul>\n<p>&nbsp;<\/p>\n","protected":false},"excerpt":{"rendered":"<p>\u201cLA GUAJIRA CON VISITA AL CABO DE LA VELA\u201d Actualmente es un destino y para\u00edso tur\u00edstico que comprende, desde su vasto y m\u00e1gico desierto hasta las<span class=\"excerpt-hellip\"> [\u2026]<\/span><\/p>\n","protected":false},"author":1,"featured_media":0,"parent":0,"menu_order":0,"comment_status":"closed","ping_status":"closed","template":"","meta":{"footnotes":""},"_links":{"self":[{"href":"https:\/\/www.travelfusioncolombia.com\/web\/wp-json\/wp\/v2\/pages\/3845"}],"collection":[{"href":"https:\/\/www.travelfusioncolombia.com\/web\/wp-json\/wp\/v2\/pages"}],"about":[{"href":"https:\/\/www.travelfusioncolombia.com\/web\/wp-json\/wp\/v2\/types\/page"}],"author":[{"embeddable":true,"href":"https:\/\/www.travelfusioncolombia.com\/web\/wp-json\/wp\/v2\/users\/1"}],"replies":[{"embeddable":true,"href":"https:\/\/www.travelfusioncolombia.com\/web\/wp-json\/wp\/v2\/comments?post=3845"}],"version-history":[{"count":1,"href":"https:\/\/www.travelfusioncolombia.com\/web\/wp-json\/wp\/v2\/pages\/3845\/revisions"}],"predecessor-version":[{"id":3849,"href":"https:\/\/www.travelfusioncolombia.com\/web\/wp-json\/wp\/v2\/pages\/3845\/revisions\/3849"}],"wp:attachment":[{"href":"https:\/\/www.travelfusioncolombia.com\/web\/wp-json\/wp\/v2\/media?parent=3845"}],"curies":[{"name":"wp","href":"https:\/\/api.w.org\/{rel}","templated":true}]}}