{"id":3840,"date":"2015-09-10T05:22:45","date_gmt":"2015-09-10T05:22:45","guid":{"rendered":"http:\/\/www.travelfusioncolombia.com\/web\/?page_id=3840"},"modified":"2015-09-10T05:22:45","modified_gmt":"2015-09-10T05:22:45","slug":"cali","status":"publish","type":"page","link":"https:\/\/www.travelfusioncolombia.com\/web\/cali\/","title":{"rendered":"CALI"},"content":{"rendered":"<p><strong>\u201cESPECTACULAR FERIA DE CALI\u201d<\/strong><\/p>\n<p><strong><em>El programa incluye:<\/em><\/strong><strong><br \/>\n<\/strong><\/p>\n<ul>\n<li><em>Traslado Aeropuerto-Hotel-Aeropuerto con Gu\u00eda.<\/em><\/li>\n<li><em>Alojamiento de acuerdo al n\u00famero de noches seleccionadas<strong>.<\/strong><\/em><\/li>\n<li><em>Desayunos diarios.<\/em><\/li>\n<li><em>City Tour visitando hermosos lugares como el Mirador de Sebasti\u00e1n de Belalc\u00e1zar, Plaza de Caicedo, la Ermita, iglesia de La Merced, La Catedral, \u00e1reas deportivas, residenciales y comerciales. Tiene una duraci\u00f3n de 3 horas.<\/em><\/li>\n<li><em>Entrada a una <strong>corrida de toros<\/strong> con el traslado Hotel \u2013 Plaza de Toros (regreso por cuenta de los pasajeros).<\/em><\/li>\n<li><em>Entrada a <strong>ENSALSATE<\/strong>, uno de los espect\u00e1culos m\u00e1s vistosos e impactantes de salsa y bailes internacionales al estilo Cabaret, m\u00e1s de 80 artistas en escena y orquesta en vivo que hacen de Ens\u00e1lsate un producto de talla mundial. Presentaciones: D\u00edas: 26-27-28-29 De Diciembre.<\/em><\/li>\n<li><em>Clase de salsa.<\/em><\/li>\n<\/ul>\n<p>&nbsp;<\/p>\n\n\t\t\t<style type='text\/css'>\n\t\t\t\t#sc_gallery-1159 {\n\t\t\t\t\tmargin: auto;\n\t\t\t\t}\n\t\t\t\t#sc_gallery-1159 .gallery-item {\n\t\t\t\t\tfloat: left;\n\t\t\t\t\tmargin-top: 10px;\n\t\t\t\t\ttext-align: center;\n\t\t\t\t\twidth: 33.33%;\n\t\t\t\t}\n\t\t\t\t#sc_gallery-1159 img {\n\t\t\t\t\tborder: 2px solid #cfcfcf;\n\t\t\t\t}\n\t\t\t\t#sc_gallery-1159 .gallery-caption {\n\t\t\t\t\tmargin-left: 0;\n\t\t\t\t}\n\t\t\t\t\/* see sc_gallery() in functions\/theme-shortcodes.php *\/\n\t\t\t<\/style>\n\t\t<div id='sc_gallery-1159' class='gallery element_classes galleryid-3840 gallery-columns-3 gallery-size-thumbnail '><dl class='gallery-item'>\n\t\t\t\t<dt class='gallery-icon landscape'>\n\t\t\t\t\t<a href='https:\/\/www.travelfusioncolombia.com\/web\/cali\/attachment\/014\/'><img loading=\"lazy\" decoding=\"async\" width=\"150\" height=\"150\" src=\"https:\/\/www.travelfusioncolombia.com\/web\/wp-content\/uploads\/2015\/09\/014-150x150.jpg\" class=\"attachment-thumbnail size-thumbnail\" alt=\"\" srcset=\"https:\/\/www.travelfusioncolombia.com\/web\/wp-content\/uploads\/2015\/09\/014-150x150.jpg 150w, https:\/\/www.travelfusioncolombia.com\/web\/wp-content\/uploads\/2015\/09\/014-80x80.jpg 80w, https:\/\/www.travelfusioncolombia.com\/web\/wp-content\/uploads\/2015\/09\/014-85x85.jpg 85w\" sizes=\"(max-width: 150px) 100vw, 150px\" \/><\/a>\n\t\t\t\t<\/dt><\/dl><dl class='gallery-item'>\n\t\t\t\t<dt class='gallery-icon landscape'>\n\t\t\t\t\t<a href='https:\/\/www.travelfusioncolombia.com\/web\/cali\/attachment\/013\/'><img loading=\"lazy\" decoding=\"async\" width=\"150\" height=\"150\" src=\"https:\/\/www.travelfusioncolombia.com\/web\/wp-content\/uploads\/2015\/09\/013-150x150.jpg\" class=\"attachment-thumbnail size-thumbnail\" alt=\"\" srcset=\"https:\/\/www.travelfusioncolombia.com\/web\/wp-content\/uploads\/2015\/09\/013-150x150.jpg 150w, https:\/\/www.travelfusioncolombia.com\/web\/wp-content\/uploads\/2015\/09\/013-80x80.jpg 80w, https:\/\/www.travelfusioncolombia.com\/web\/wp-content\/uploads\/2015\/09\/013-85x85.jpg 85w\" sizes=\"(max-width: 150px) 100vw, 150px\" \/><\/a>\n\t\t\t\t<\/dt><\/dl><dl class='gallery-item'>\n\t\t\t\t<dt class='gallery-icon landscape'>\n\t\t\t\t\t<a href='https:\/\/www.travelfusioncolombia.com\/web\/cali\/attachment\/012\/'><img loading=\"lazy\" decoding=\"async\" width=\"150\" height=\"150\" src=\"https:\/\/www.travelfusioncolombia.com\/web\/wp-content\/uploads\/2015\/09\/012-150x150.jpg\" class=\"attachment-thumbnail size-thumbnail\" alt=\"\" srcset=\"https:\/\/www.travelfusioncolombia.com\/web\/wp-content\/uploads\/2015\/09\/012-150x150.jpg 150w, https:\/\/www.travelfusioncolombia.com\/web\/wp-content\/uploads\/2015\/09\/012-80x80.jpg 80w, https:\/\/www.travelfusioncolombia.com\/web\/wp-content\/uploads\/2015\/09\/012-85x85.jpg 85w\" sizes=\"(max-width: 150px) 100vw, 150px\" \/><\/a>\n\t\t\t\t<\/dt><\/dl><br style=\"clear: both\" \/>\n\t\t\t<\/div>\n\n<p style=\"text-align: center;\">\n<p style=\"text-align: center;\"><strong>\u201cCALI PACHANGUERO, La Sucursal del Cielo\u201d<\/strong><\/p>\n<h4><strong><em>El programa incluye:<\/em><\/strong><\/h4>\n<ul>\n<li><em>Traslado Aeropuerto, Hotel, Aeropuerto.<\/em><\/li>\n<li><em>Alojamiento de acuerdo al n\u00famero de noche seleccionada.<\/em><\/li>\n<li><strong><em>Desayunos diarios.<\/em><\/strong><\/li>\n<li><strong><em>City Tour Especial (4 Horas<\/em><\/strong><\/li>\n<li><strong><em>Cali Rumbera y Cena: <\/em><\/strong><em>Salida desde el hotel a Tienda Vieja \u00f3 Tardes Cale\u00f1as donde tendremos la cena con 1 bebida, luego disfrutaremos del show de salsa, mariachis y orquesta de planta. Incluye: Traslado desde el hotel al restaurante, cena (asado con 2 gaseosas \u00f3 1 jugo \u00f3 1 cerveza), cover, gu\u00eda, propina e iva.<\/em><\/li>\n<li><strong><em>Salsa al estilo Madame Kalalu:<\/em><\/strong><em> Espectacular Show de salsa con orquesta en vivo. Incluye: Traslado hotel-discoteca-hotel, cover, media botella de aguardiente por pareja \u00f3 dos cocteles por persona, picada y dos shows de salsa.<\/em><\/li>\n<\/ul>\n<p>&nbsp;<\/p>\n","protected":false},"excerpt":{"rendered":"<p>\u201cESPECTACULAR FERIA DE CALI\u201d El programa incluye: Traslado Aeropuerto-Hotel-Aeropuerto con Gu\u00eda. Alojamiento de acuerdo al n\u00famero de noches seleccionadas. Desayunos diarios. City Tour visitando hermosos lugares<span class=\"excerpt-hellip\"> [\u2026]<\/span><\/p>\n","protected":false},"author":1,"featured_media":0,"parent":0,"menu_order":0,"comment_status":"closed","ping_status":"closed","template":"","meta":{"footnotes":""},"_links":{"self":[{"href":"https:\/\/www.travelfusioncolombia.com\/web\/wp-json\/wp\/v2\/pages\/3840"}],"collection":[{"href":"https:\/\/www.travelfusioncolombia.com\/web\/wp-json\/wp\/v2\/pages"}],"about":[{"href":"https:\/\/www.travelfusioncolombia.com\/web\/wp-json\/wp\/v2\/types\/page"}],"author":[{"embeddable":true,"href":"https:\/\/www.travelfusioncolombia.com\/web\/wp-json\/wp\/v2\/users\/1"}],"replies":[{"embeddable":true,"href":"https:\/\/www.travelfusioncolombia.com\/web\/wp-json\/wp\/v2\/comments?post=3840"}],"version-history":[{"count":1,"href":"https:\/\/www.travelfusioncolombia.com\/web\/wp-json\/wp\/v2\/pages\/3840\/revisions"}],"predecessor-version":[{"id":3844,"href":"https:\/\/www.travelfusioncolombia.com\/web\/wp-json\/wp\/v2\/pages\/3840\/revisions\/3844"}],"wp:attachment":[{"href":"https:\/\/www.travelfusioncolombia.com\/web\/wp-json\/wp\/v2\/media?parent=3840"}],"curies":[{"name":"wp","href":"https:\/\/api.w.org\/{rel}","templated":true}]}}