{"id":3823,"date":"2015-09-10T05:11:11","date_gmt":"2015-09-10T05:11:11","guid":{"rendered":"http:\/\/www.travelfusioncolombia.com\/web\/?page_id=3823"},"modified":"2015-09-10T05:11:11","modified_gmt":"2015-09-10T05:11:11","slug":"medellin","status":"publish","type":"page","link":"https:\/\/www.travelfusioncolombia.com\/web\/medellin\/","title":{"rendered":"MEDELLIN"},"content":{"rendered":"<h3 style=\"text-align: center;\">\u201cMEDELLIN QUE BIEN LUCES\u201d<\/h3>\n<p>&nbsp;<\/p>\n<p><strong>El programa incluye:<\/strong><\/p>\n<ul>\n<li><strong>\u00a0<\/strong><em>Traslado Aeropuerto, Hotel Aeropuerto.<\/em><\/li>\n<li><em>Alojamiento de acuerdo al n\u00famero de noches seleccionado.<\/em><\/li>\n<li><em>Desayunos diarios.<\/em><\/li>\n<li><em>Impuestos Hoteleros.<\/em><\/li>\n<li><em>Tour Navide\u00f1o (Duraci\u00f3n 4 Horas): Tour Nocturno al espectacular alumbrado, en donde se recorre Itag\u00fc\u00ed, Envigado, La Playa, y el recorrido del rio. Incluye Guia y Transporte.<\/em><\/li>\n<li><em>Refrigerio Navide\u00f1o: Natilla, Bu\u00f1uelos, Hojaldre y <\/em><\/li>\n<li><em>Tour de compras.<\/em><\/li>\n<li><em>City tour con visita al pueblito paisa, plaza de botero, parque de los pies descalzos, parque de los deseos, y dem\u00e1s sitios de inter\u00e9s.<\/em><\/li>\n<\/ul>\n\n\t\t\t<style type='text\/css'>\n\t\t\t\t#sc_gallery-5134 {\n\t\t\t\t\tmargin: auto;\n\t\t\t\t}\n\t\t\t\t#sc_gallery-5134 .gallery-item {\n\t\t\t\t\tfloat: left;\n\t\t\t\t\tmargin-top: 10px;\n\t\t\t\t\ttext-align: center;\n\t\t\t\t\twidth: 24.99%;\n\t\t\t\t}\n\t\t\t\t#sc_gallery-5134 img {\n\t\t\t\t\tborder: 2px solid #cfcfcf;\n\t\t\t\t}\n\t\t\t\t#sc_gallery-5134 .gallery-caption {\n\t\t\t\t\tmargin-left: 0;\n\t\t\t\t}\n\t\t\t\t\/* see sc_gallery() in functions\/theme-shortcodes.php *\/\n\t\t\t<\/style>\n\t\t<div id='sc_gallery-5134' class='gallery element_classes galleryid-3823 gallery-columns-4 gallery-size-thumbnail '><dl class='gallery-item'>\n\t\t\t\t<dt class='gallery-icon landscape'>\n\t\t\t\t\t<a href='https:\/\/www.travelfusioncolombia.com\/web\/medellin\/attachment\/001\/'><img loading=\"lazy\" decoding=\"async\" width=\"150\" height=\"150\" src=\"https:\/\/www.travelfusioncolombia.com\/web\/wp-content\/uploads\/2015\/09\/001-150x150.png\" class=\"attachment-thumbnail size-thumbnail\" alt=\"\" srcset=\"https:\/\/www.travelfusioncolombia.com\/web\/wp-content\/uploads\/2015\/09\/001-150x150.png 150w, https:\/\/www.travelfusioncolombia.com\/web\/wp-content\/uploads\/2015\/09\/001-80x80.png 80w, https:\/\/www.travelfusioncolombia.com\/web\/wp-content\/uploads\/2015\/09\/001-85x85.png 85w\" sizes=\"(max-width: 150px) 100vw, 150px\" \/><\/a>\n\t\t\t\t<\/dt><\/dl><dl class='gallery-item'>\n\t\t\t\t<dt class='gallery-icon landscape'>\n\t\t\t\t\t<a href='https:\/\/www.travelfusioncolombia.com\/web\/medellin\/attachment\/002\/'><img loading=\"lazy\" decoding=\"async\" width=\"150\" height=\"150\" src=\"https:\/\/www.travelfusioncolombia.com\/web\/wp-content\/uploads\/2015\/09\/002-150x150.png\" class=\"attachment-thumbnail size-thumbnail\" alt=\"\" srcset=\"https:\/\/www.travelfusioncolombia.com\/web\/wp-content\/uploads\/2015\/09\/002-150x150.png 150w, https:\/\/www.travelfusioncolombia.com\/web\/wp-content\/uploads\/2015\/09\/002-80x80.png 80w, https:\/\/www.travelfusioncolombia.com\/web\/wp-content\/uploads\/2015\/09\/002-85x85.png 85w\" sizes=\"(max-width: 150px) 100vw, 150px\" \/><\/a>\n\t\t\t\t<\/dt><\/dl><dl class='gallery-item'>\n\t\t\t\t<dt class='gallery-icon landscape'>\n\t\t\t\t\t<a href='https:\/\/www.travelfusioncolombia.com\/web\/medellin\/attachment\/003\/'><img loading=\"lazy\" decoding=\"async\" width=\"150\" height=\"150\" src=\"https:\/\/www.travelfusioncolombia.com\/web\/wp-content\/uploads\/2015\/09\/003-150x150.png\" class=\"attachment-thumbnail size-thumbnail\" alt=\"\" srcset=\"https:\/\/www.travelfusioncolombia.com\/web\/wp-content\/uploads\/2015\/09\/003-150x150.png 150w, https:\/\/www.travelfusioncolombia.com\/web\/wp-content\/uploads\/2015\/09\/003-80x80.png 80w, https:\/\/www.travelfusioncolombia.com\/web\/wp-content\/uploads\/2015\/09\/003-85x85.png 85w\" sizes=\"(max-width: 150px) 100vw, 150px\" \/><\/a>\n\t\t\t\t<\/dt><\/dl><dl class='gallery-item'>\n\t\t\t\t<dt class='gallery-icon landscape'>\n\t\t\t\t\t<a href='https:\/\/www.travelfusioncolombia.com\/web\/medellin\/attachment\/004\/'><img loading=\"lazy\" decoding=\"async\" width=\"150\" height=\"150\" src=\"https:\/\/www.travelfusioncolombia.com\/web\/wp-content\/uploads\/2015\/09\/004-150x150.jpg\" class=\"attachment-thumbnail size-thumbnail\" alt=\"\" srcset=\"https:\/\/www.travelfusioncolombia.com\/web\/wp-content\/uploads\/2015\/09\/004-150x150.jpg 150w, https:\/\/www.travelfusioncolombia.com\/web\/wp-content\/uploads\/2015\/09\/004-80x80.jpg 80w, https:\/\/www.travelfusioncolombia.com\/web\/wp-content\/uploads\/2015\/09\/004-85x85.jpg 85w\" sizes=\"(max-width: 150px) 100vw, 150px\" \/><\/a>\n\t\t\t\t<\/dt><\/dl><br style=\"clear: both\" \/>\n\t\t\t<\/div>\n\n<h1 style=\"text-align: center;\" align=\"center\"><span lang=\"ES\" style=\"font-size: 16.0pt;\">\u00a1Feria de las Flores de Medell\u00edn, cuando la ciudad se inunda en flores!<\/span><\/h1>\n<ul>\n<li>Traslado Aeropuerto, Hotel, Aeropuerto.<\/li>\n<li>Alojamiento de acuerdo al n\u00famero de noches seleccionado.<\/li>\n<li>Desayunos diarios.<\/li>\n<li>City Tour en servicio regular.<\/li>\n<li>Tour de compras.<\/li>\n<li>Desfile de silleteros Incluye: Traslado Hotel, Desfile, Hotel \/ Entrada a palco al desfile de silleteros \/ Refrigerio con Bebida \/ Botella de Agua y Gaseosa \/ Tarjeta de Asistencia m\u00e9dica \/ Asistencia personalizada por parte de la agencia.<\/li>\n<li>Impuestos Hoteleros.<\/li>\n<\/ul>\n<p>&nbsp;<\/p>\n","protected":false},"excerpt":{"rendered":"<p>\u201cMEDELLIN QUE BIEN LUCES\u201d &nbsp; El programa incluye: \u00a0Traslado Aeropuerto, Hotel Aeropuerto. Alojamiento de acuerdo al n\u00famero de noches seleccionado. Desayunos diarios. Impuestos Hoteleros. Tour Navide\u00f1o<span class=\"excerpt-hellip\"> [\u2026]<\/span><\/p>\n","protected":false},"author":1,"featured_media":0,"parent":0,"menu_order":0,"comment_status":"closed","ping_status":"closed","template":"","meta":{"footnotes":""},"_links":{"self":[{"href":"https:\/\/www.travelfusioncolombia.com\/web\/wp-json\/wp\/v2\/pages\/3823"}],"collection":[{"href":"https:\/\/www.travelfusioncolombia.com\/web\/wp-json\/wp\/v2\/pages"}],"about":[{"href":"https:\/\/www.travelfusioncolombia.com\/web\/wp-json\/wp\/v2\/types\/page"}],"author":[{"embeddable":true,"href":"https:\/\/www.travelfusioncolombia.com\/web\/wp-json\/wp\/v2\/users\/1"}],"replies":[{"embeddable":true,"href":"https:\/\/www.travelfusioncolombia.com\/web\/wp-json\/wp\/v2\/comments?post=3823"}],"version-history":[{"count":1,"href":"https:\/\/www.travelfusioncolombia.com\/web\/wp-json\/wp\/v2\/pages\/3823\/revisions"}],"predecessor-version":[{"id":3828,"href":"https:\/\/www.travelfusioncolombia.com\/web\/wp-json\/wp\/v2\/pages\/3823\/revisions\/3828"}],"wp:attachment":[{"href":"https:\/\/www.travelfusioncolombia.com\/web\/wp-json\/wp\/v2\/media?parent=3823"}],"curies":[{"name":"wp","href":"https:\/\/api.w.org\/{rel}","templated":true}]}}