{"id":3805,"date":"2015-09-10T04:49:34","date_gmt":"2015-09-10T04:49:34","guid":{"rendered":"http:\/\/www.travelfusioncolombia.com\/web\/?page_id=3805"},"modified":"2016-05-08T16:02:43","modified_gmt":"2016-05-08T16:02:43","slug":"bogota-3","status":"publish","type":"page","link":"https:\/\/www.travelfusioncolombia.com\/web\/bogota-3\/","title":{"rendered":"BOGOTA"},"content":{"rendered":"<p style=\"text-align: center;\"><strong>\u201c<\/strong><strong>DISFRUTA DE BOGOTA, Y SU CULTURA<\/strong><strong>\u201d<\/strong><strong>.<\/strong><\/p>\n<blockquote>\n<p style=\"text-align: center;\">Bogot\u00e1 es una capital con estilo que se adapta a diferentes gustos. Una ciudad en constante transformaci\u00f3n, Epicentro cultural Colombiano, en donde cada persona encuentra aqu\u00ed algo especial.<\/p>\n<\/blockquote>\n\n\t\t\t<style type='text\/css'>\n\t\t\t\t#sc_gallery-8688 {\n\t\t\t\t\tmargin: auto;\n\t\t\t\t}\n\t\t\t\t#sc_gallery-8688 .gallery-item {\n\t\t\t\t\tfloat: left;\n\t\t\t\t\tmargin-top: 10px;\n\t\t\t\t\ttext-align: center;\n\t\t\t\t\twidth: 24.99%;\n\t\t\t\t}\n\t\t\t\t#sc_gallery-8688 img {\n\t\t\t\t\tborder: 2px solid #cfcfcf;\n\t\t\t\t}\n\t\t\t\t#sc_gallery-8688 .gallery-caption {\n\t\t\t\t\tmargin-left: 0;\n\t\t\t\t}\n\t\t\t\t\/* see sc_gallery() in functions\/theme-shortcodes.php *\/\n\t\t\t<\/style>\n\t\t<div id='sc_gallery-8688' class='gallery element_classes galleryid-3805 gallery-columns-4 gallery-size-thumbnail '><dl class='gallery-item'>\n\t\t\t\t<dt class='gallery-icon landscape'>\n\t\t\t\t\t<a href='https:\/\/www.travelfusioncolombia.com\/web\/bogota-3\/bog01\/'><img loading=\"lazy\" decoding=\"async\" width=\"150\" height=\"150\" src=\"https:\/\/www.travelfusioncolombia.com\/web\/wp-content\/uploads\/2015\/09\/bog01-150x150.jpg\" class=\"attachment-thumbnail size-thumbnail\" alt=\"\" srcset=\"https:\/\/www.travelfusioncolombia.com\/web\/wp-content\/uploads\/2015\/09\/bog01-150x150.jpg 150w, https:\/\/www.travelfusioncolombia.com\/web\/wp-content\/uploads\/2015\/09\/bog01-300x298.jpg 300w, https:\/\/www.travelfusioncolombia.com\/web\/wp-content\/uploads\/2015\/09\/bog01-147x146.jpg 147w, https:\/\/www.travelfusioncolombia.com\/web\/wp-content\/uploads\/2015\/09\/bog01-50x50.jpg 50w, https:\/\/www.travelfusioncolombia.com\/web\/wp-content\/uploads\/2015\/09\/bog01-80x80.jpg 80w, https:\/\/www.travelfusioncolombia.com\/web\/wp-content\/uploads\/2015\/09\/bog01-85x85.jpg 85w, https:\/\/www.travelfusioncolombia.com\/web\/wp-content\/uploads\/2015\/09\/bog01-76x75.jpg 76w, https:\/\/www.travelfusioncolombia.com\/web\/wp-content\/uploads\/2015\/09\/bog01.jpg 367w\" sizes=\"(max-width: 150px) 100vw, 150px\" \/><\/a>\n\t\t\t\t<\/dt><\/dl><dl class='gallery-item'>\n\t\t\t\t<dt class='gallery-icon landscape'>\n\t\t\t\t\t<a href='https:\/\/www.travelfusioncolombia.com\/web\/bogota-3\/bog02\/'><img loading=\"lazy\" decoding=\"async\" width=\"150\" height=\"150\" src=\"https:\/\/www.travelfusioncolombia.com\/web\/wp-content\/uploads\/2015\/09\/bog02-150x150.jpg\" class=\"attachment-thumbnail size-thumbnail\" alt=\"\" srcset=\"https:\/\/www.travelfusioncolombia.com\/web\/wp-content\/uploads\/2015\/09\/bog02-150x150.jpg 150w, https:\/\/www.travelfusioncolombia.com\/web\/wp-content\/uploads\/2015\/09\/bog02-50x50.jpg 50w, https:\/\/www.travelfusioncolombia.com\/web\/wp-content\/uploads\/2015\/09\/bog02-80x80.jpg 80w, https:\/\/www.travelfusioncolombia.com\/web\/wp-content\/uploads\/2015\/09\/bog02-85x85.jpg 85w\" sizes=\"(max-width: 150px) 100vw, 150px\" \/><\/a>\n\t\t\t\t<\/dt><\/dl><dl class='gallery-item'>\n\t\t\t\t<dt class='gallery-icon landscape'>\n\t\t\t\t\t<a href='https:\/\/www.travelfusioncolombia.com\/web\/bogota-3\/bog03\/'><img loading=\"lazy\" decoding=\"async\" width=\"150\" height=\"150\" src=\"https:\/\/www.travelfusioncolombia.com\/web\/wp-content\/uploads\/2015\/09\/bog03-150x150.jpg\" class=\"attachment-thumbnail size-thumbnail\" alt=\"\" srcset=\"https:\/\/www.travelfusioncolombia.com\/web\/wp-content\/uploads\/2015\/09\/bog03-150x150.jpg 150w, https:\/\/www.travelfusioncolombia.com\/web\/wp-content\/uploads\/2015\/09\/bog03-80x80.jpg 80w, https:\/\/www.travelfusioncolombia.com\/web\/wp-content\/uploads\/2015\/09\/bog03-85x85.jpg 85w\" sizes=\"(max-width: 150px) 100vw, 150px\" \/><\/a>\n\t\t\t\t<\/dt><\/dl><dl class='gallery-item'>\n\t\t\t\t<dt class='gallery-icon landscape'>\n\t\t\t\t\t<a href='https:\/\/www.travelfusioncolombia.com\/web\/bogota-3\/bog04\/'><img loading=\"lazy\" decoding=\"async\" width=\"150\" height=\"150\" src=\"https:\/\/www.travelfusioncolombia.com\/web\/wp-content\/uploads\/2015\/09\/bog04-150x150.jpg\" class=\"attachment-thumbnail size-thumbnail\" alt=\"\" srcset=\"https:\/\/www.travelfusioncolombia.com\/web\/wp-content\/uploads\/2015\/09\/bog04-150x150.jpg 150w, https:\/\/www.travelfusioncolombia.com\/web\/wp-content\/uploads\/2015\/09\/bog04-80x80.jpg 80w, https:\/\/www.travelfusioncolombia.com\/web\/wp-content\/uploads\/2015\/09\/bog04-85x85.jpg 85w\" sizes=\"(max-width: 150px) 100vw, 150px\" \/><\/a>\n\t\t\t\t<\/dt><\/dl><br style=\"clear: both\" \/>\n\t\t\t<\/div>\n\n<h4>Que incluye:<\/h4>\n<ul>\n<li><strong>\u00a0<\/strong><em>Traslado Aeropuerto, Hotel, Aeropuerto.<\/em><\/li>\n<li><em>Alojamiento de acuerdo al n\u00famero de noches seleccionadas.<\/em><\/li>\n<li><em>City Tour : recorrido hist\u00f3rico y cultural donde conocer\u00e1 una ciudad moderna y antigua acompa\u00f1ada siempre por sus imponenentes cerros orientales, gracias a su posici\u00f3n geogr\u00e1fica, goza de un clima que la mantiene siempre verde, en el recorrido visitaremos el Museo del Oro, que con su gran colecci\u00f3n de piezas precolombinas en orfebrer\u00eda y cer\u00e1mica y lo convierte en \u00fanico en su especie dando a conocer la riqueza cultural y social de nuestros ancestros ind\u00edgenas, visita al barrio hist\u00f3rico de la Candelaria donde se encuentran el Palacio de Gobierno, La plaza de Bol\u00edvar y demas edificios de inter\u00e9s hist\u00f3rico, ascenso en telef\u00e9rico o funicular, al Cerro de Monserrate, visita un almac\u00e9n de artesan\u00edas y joyer\u00eda.<\/em><\/li>\n<li><em>Tour a Catedral de Sal de Zipaquira, primera Maravilla de Colombia.<\/em><\/li>\n<li><em>Tour al santuario del Divino Ni\u00f1o.<\/em><\/li>\n<li><em>Desayunos diarios<\/em><\/li>\n<li><em>Impuestos hoteleros<\/em><\/li>\n<li><em>Asistencia personalizada por parte de la agencia.<\/em><\/li>\n<li><em>Tarjeta de Asistencia m\u00e9dica.<\/em><\/li>\n<\/ul>\n<p>&nbsp;<\/p>\n<p><strong>BOGOTA y\u00a0 SUS PARQUES<\/strong><\/p>\n<p><a href=\"https:\/\/www.travelfusioncolombia.com\/web\/wp-content\/uploads\/2016\/05\/CIRCUITOS-NACIONALES-Vista-protegida-Microsoft-Word_2.jpg\"><img loading=\"lazy\" decoding=\"async\" class=\"alignnone size-full wp-image-3918\" src=\"https:\/\/www.travelfusioncolombia.com\/web\/wp-content\/uploads\/2016\/05\/CIRCUITOS-NACIONALES-Vista-protegida-Microsoft-Word_2.jpg\" alt=\"CIRCUITOS NACIONALES (Vista protegida) - Microsoft Word_2\" width=\"690\" height=\"165\" srcset=\"https:\/\/www.travelfusioncolombia.com\/web\/wp-content\/uploads\/2016\/05\/CIRCUITOS-NACIONALES-Vista-protegida-Microsoft-Word_2.jpg 690w, https:\/\/www.travelfusioncolombia.com\/web\/wp-content\/uploads\/2016\/05\/CIRCUITOS-NACIONALES-Vista-protegida-Microsoft-Word_2-300x72.jpg 300w, https:\/\/www.travelfusioncolombia.com\/web\/wp-content\/uploads\/2016\/05\/CIRCUITOS-NACIONALES-Vista-protegida-Microsoft-Word_2-260x62.jpg 260w, https:\/\/www.travelfusioncolombia.com\/web\/wp-content\/uploads\/2016\/05\/CIRCUITOS-NACIONALES-Vista-protegida-Microsoft-Word_2-50x12.jpg 50w, https:\/\/www.travelfusioncolombia.com\/web\/wp-content\/uploads\/2016\/05\/CIRCUITOS-NACIONALES-Vista-protegida-Microsoft-Word_2-576x138.jpg 576w, https:\/\/www.travelfusioncolombia.com\/web\/wp-content\/uploads\/2016\/05\/CIRCUITOS-NACIONALES-Vista-protegida-Microsoft-Word_2-150x36.jpg 150w\" sizes=\"(max-width: 690px) 100vw, 690px\" \/><\/a><\/p>\n<p>&nbsp;<\/p>\n<p><strong>El programa incluye:<\/strong><\/p>\n<p><strong>\u00a0<\/strong><\/p>\n<ul>\n<li><em>Traslado Aeropuerto, Hotel, Aeropuerto.<\/em><\/li>\n<li><em>City Tour con visita a Monserrate.<\/em><\/li>\n<li><em>Visita a Maloka, ciencia y Tecnolog\u00eda.<\/em><\/li>\n<li><em>Visita al Parque Jaime Duque.<\/em><\/li>\n<li><em>Visita a Salitre M\u00e1gico.<\/em><\/li>\n<li><em>Visita al Parque Simon Bol\u00edvar.<\/em><\/li>\n<li><em>Visita a Catedral de Sal de Zipaquira, primera Maravilla de Colombia.<\/em><\/li>\n<li><em>Alojamiento 3 Noches 4 D\u00edas Hoteles Categor\u00eda 4 **.<\/em><\/li>\n<li><em>Desayunos diarios.<\/em><\/li>\n<li><em>Impuestos Hoteleros.<\/em><\/li>\n<li><em>Asistencia personalizada por parte de la agencia.<\/em><\/li>\n<\/ul>\n","protected":false},"excerpt":{"rendered":"<p>\u201cDISFRUTA DE BOGOTA, Y SU CULTURA\u201d. Bogot\u00e1 es una capital con estilo que se adapta a diferentes gustos. Una ciudad en constante transformaci\u00f3n, Epicentro cultural Colombiano,<span class=\"excerpt-hellip\"> [\u2026]<\/span><\/p>\n","protected":false},"author":1,"featured_media":0,"parent":0,"menu_order":0,"comment_status":"closed","ping_status":"closed","template":"","meta":{"footnotes":""},"_links":{"self":[{"href":"https:\/\/www.travelfusioncolombia.com\/web\/wp-json\/wp\/v2\/pages\/3805"}],"collection":[{"href":"https:\/\/www.travelfusioncolombia.com\/web\/wp-json\/wp\/v2\/pages"}],"about":[{"href":"https:\/\/www.travelfusioncolombia.com\/web\/wp-json\/wp\/v2\/types\/page"}],"author":[{"embeddable":true,"href":"https:\/\/www.travelfusioncolombia.com\/web\/wp-json\/wp\/v2\/users\/1"}],"replies":[{"embeddable":true,"href":"https:\/\/www.travelfusioncolombia.com\/web\/wp-json\/wp\/v2\/comments?post=3805"}],"version-history":[{"count":15,"href":"https:\/\/www.travelfusioncolombia.com\/web\/wp-json\/wp\/v2\/pages\/3805\/revisions"}],"predecessor-version":[{"id":3921,"href":"https:\/\/www.travelfusioncolombia.com\/web\/wp-json\/wp\/v2\/pages\/3805\/revisions\/3921"}],"wp:attachment":[{"href":"https:\/\/www.travelfusioncolombia.com\/web\/wp-json\/wp\/v2\/media?parent=3805"}],"curies":[{"name":"wp","href":"https:\/\/api.w.org\/{rel}","templated":true}]}}