{"id":3740,"date":"2015-08-20T04:43:05","date_gmt":"2015-08-20T04:43:05","guid":{"rendered":"http:\/\/www.travelfusioncolombia.com\/web\/?page_id=3740"},"modified":"2015-08-24T05:23:17","modified_gmt":"2015-08-24T05:23:17","slug":"quienes-somos","status":"publish","type":"page","link":"https:\/\/www.travelfusioncolombia.com\/web\/quienes-somos\/","title":{"rendered":"Qui\u00e9nes Somos"},"content":{"rendered":"<p>Somos una Agencia de Viajes Mayorista &amp; Operadora Nacional e Internacional, que busca satisfacer a todos nuestros clientes superando sus expectativas.<\/p>\n<p>Desde el a\u00f1o 2007, estamos trabajando de manera ardua para traer al mercado nuevos servicios tur\u00edsticos, brindando\u00a0 la oportunidad al turista Local, Nacional e Internacional de conocer y recorrer nuestro pa\u00eds.<\/p>\n<p>&nbsp;<\/p>\n<h1>MISION:<\/h1>\n<p>Somos la Agencia de Viajes Mayorista &amp; Operadora Nacional e Internacional, que trabaja continuamente para ofrecer productos tur\u00edsticos de la mas alta calidad con el fin de dar respuestas a las necesidades y expectativas de nuestros clientes, y adelant\u00e1ndonos a las mismas.<\/p>\n<p>Nuestro equipo humano esta motivado y comprometido para brindar a nuestros clientes un oportuno, eficiente y calido servicio.<\/p>\n<p>&nbsp;<\/p>\n<h1>VISION<\/h1>\n<p>Proyectarnos a nivel nacional e Internacional como la Mayorista de Turismo con mayor capacidad de servicios y tecnolog\u00eda en servicios tur\u00edsticos, garantizando los mas altos est\u00e1ndares de calidad, incrementando nuestra participaci\u00f3n en turismo recreativo, excursiones, eventos, congresos y convenciones, logrando asi incrementar la rentabilidad de la empresa y bienestar de su talento humano.<\/p>\n<p>&nbsp;<\/p>\n<p>&nbsp;<\/p>\n","protected":false},"excerpt":{"rendered":"<p>Somos una Agencia de Viajes Mayorista &amp; Operadora Nacional e Internacional, que busca satisfacer a todos nuestros clientes superando sus expectativas. Desde el a\u00f1o 2007, estamos<span class=\"excerpt-hellip\"> [\u2026]<\/span><\/p>\n","protected":false},"author":1,"featured_media":0,"parent":0,"menu_order":0,"comment_status":"closed","ping_status":"closed","template":"","meta":{"footnotes":""},"_links":{"self":[{"href":"https:\/\/www.travelfusioncolombia.com\/web\/wp-json\/wp\/v2\/pages\/3740"}],"collection":[{"href":"https:\/\/www.travelfusioncolombia.com\/web\/wp-json\/wp\/v2\/pages"}],"about":[{"href":"https:\/\/www.travelfusioncolombia.com\/web\/wp-json\/wp\/v2\/types\/page"}],"author":[{"embeddable":true,"href":"https:\/\/www.travelfusioncolombia.com\/web\/wp-json\/wp\/v2\/users\/1"}],"replies":[{"embeddable":true,"href":"https:\/\/www.travelfusioncolombia.com\/web\/wp-json\/wp\/v2\/comments?post=3740"}],"version-history":[{"count":5,"href":"https:\/\/www.travelfusioncolombia.com\/web\/wp-json\/wp\/v2\/pages\/3740\/revisions"}],"predecessor-version":[{"id":3770,"href":"https:\/\/www.travelfusioncolombia.com\/web\/wp-json\/wp\/v2\/pages\/3740\/revisions\/3770"}],"wp:attachment":[{"href":"https:\/\/www.travelfusioncolombia.com\/web\/wp-json\/wp\/v2\/media?parent=3740"}],"curies":[{"name":"wp","href":"https:\/\/api.w.org\/{rel}","templated":true}]}}